{"id":4969,"date":"2020-01-15T19:50:13","date_gmt":"2020-01-15T19:50:13","guid":{"rendered":"https:\/\/www.redpagos.ec\/redpago\/?page_id=4969"},"modified":"2020-01-16T19:24:53","modified_gmt":"2020-01-16T19:24:53","slug":"corresponsales-no-bancarios","status":"publish","type":"page","link":"https:\/\/www.redpagos.ec\/redpago\/corresponsales-no-bancarios\/","title":{"rendered":"CORRESPONSALES NO BANCARIOS"},"content":{"rendered":"<p>[vc_row rt_row_background_width=\u00bbfullwidth\u00bb rt_row_content_width=\u00bbdefault\u00bb rt_row_style=\u00bbdefault-style\u00bb rt_row_height=\u00bb\u00bb rt_column_gaps=\u00bb\u00bb rt_row_shadows=\u00bb\u00bb rt_row_borders=\u00bb\u00bb rt_bg_effect=\u00bbclassic\u00bb rt_bg_image_repeat=\u00bbrepeat\u00bb rt_bg_size=\u00bbcover\u00bb rt_bg_position=\u00bbright top\u00bb rt_bg_attachment=\u00bbscroll\u00bb rt_bg_layer=\u00bb\u00bb rt_bg_video_format=\u00bbself-hosted\u00bb][vc_column rt_bg_effect=\u00bbclassic\u00bb rt_bg_image_repeat=\u00bbrepeat\u00bb rt_bg_size=\u00bbauto auto\u00bb rt_bg_position=\u00bbright top\u00bb rt_bg_attachment=\u00bbscroll\u00bb][vc_column_text]Es cualquier persona natural o jur\u00eddica, que atienda al p\u00fablico, contratada por un establecimiento de cr\u00e9dito para prestar servicios financieros y no financieros; para esto debe estar conectado a trav\u00e9s de sistemas de transmisi\u00f3n de datos con la respectiva entidad.<\/p>\n<p><strong>CLASIFICACI\u00d3N Y SERVICIOS A PRESTARSE EN LOS PUNTOS TRANSACCIONALES REDPAGOS<\/strong><\/p>\n<table border=\"1\" width=\"700\" align=\"center\">\n<tbody>\n<tr>\n<td valign=\"top\" bgcolor=\"#FDD6AD\" width=\"245\">\n<p align=\"center\"><strong>TIPOS DE SERVICIOS<\/strong><\/p>\n<\/td>\n<td colspan=\"3\" valign=\"top\" width=\"274\">\n<p align=\"center\"><strong>SERVICIOS EN CANALES TRANSACCIONALES F\u00cdSICOS <\/strong><span style=\"color: #ff0000;\"><strong>RED<\/strong><\/span><strong>PAGOS<\/strong><\/p>\n<\/td>\n<\/tr>\n<tr>\n<td valign=\"top\" bgcolor=\"#FDD6AD\" width=\"245\"><\/td>\n<td valign=\"top\" width=\"85\">\n<p align=\"center\"><span style=\"color: #ff0000;\"><strong>RED<\/strong><\/span><strong>SILVER<\/strong><\/p>\n<\/td>\n<td valign=\"top\" width=\"85\">\n<p align=\"center\"><span style=\"color: #ff0000;\"><strong>RED<\/strong><\/span><strong>GOLD<\/strong><\/p>\n<\/td>\n<td valign=\"top\" width=\"104\">\n<p align=\"center\"><span style=\"color: #ff0000;\"><strong>RED<\/strong><\/span><strong>PLATINUM<\/strong><\/p>\n<\/td>\n<\/tr>\n<tr>\n<td valign=\"top\" width=\"245\">Recibir dep\u00f3sitos o efectuar retiros en efectivo de cuentas de ahorros, as\u00ed como realizar transferencias de fondos que afecten dichas cuentas<\/td>\n<td valign=\"top\" width=\"85\">\n<p align=\"center\">\n<\/td>\n<td valign=\"top\" width=\"85\">\n<p align=\"center\">\n<\/td>\n<td valign=\"top\" width=\"104\">\n<p align=\"center\">X<\/p>\n<\/td>\n<\/tr>\n<tr>\n<td valign=\"top\" width=\"245\"><a href=\"https:\/\/www.redpagos.ec\/redpago\/apertura-de-cuenta-basica-por-medios-electronicos-y-fisicos-en-los-puntos-corresponsales\/\"><strong>APERTURA DE CUENTA B\u00c1SICA<\/strong><\/a><\/td>\n<td valign=\"top\" width=\"85\">\n<p align=\"center\">X<\/p>\n<\/td>\n<td valign=\"top\" width=\"85\">\n<p align=\"center\">X<\/p>\n<\/td>\n<td valign=\"top\" width=\"104\">\n<p align=\"center\">X<\/p>\n<\/td>\n<\/tr>\n<tr>\n<td valign=\"top\" width=\"245\">Realizar consultas de saldos en cuenta de ahorros y corrientes<\/td>\n<td valign=\"top\" width=\"85\">\n<p align=\"center\">X<\/p>\n<\/td>\n<td valign=\"top\" width=\"85\">\n<p align=\"center\">X<\/p>\n<\/td>\n<td valign=\"top\" width=\"104\">\n<p align=\"center\">X<\/p>\n<\/td>\n<\/tr>\n<tr>\n<td valign=\"top\" width=\"245\">Efectuar retiros con tarjeta de d\u00e9bito y\/o tarjetas prepago<\/td>\n<td valign=\"top\" width=\"85\">\n<p align=\"center\">\n<\/td>\n<td valign=\"top\" width=\"85\">\n<p align=\"center\">\n<\/td>\n<td valign=\"top\" width=\"104\">\n<p align=\"center\">X<\/p>\n<\/td>\n<\/tr>\n<tr>\n<td valign=\"top\" width=\"245\">Realizar recargas de tarjetas prepago<\/td>\n<td valign=\"top\" width=\"85\">\n<p align=\"center\">X<\/p>\n<\/td>\n<td valign=\"top\" width=\"85\">\n<p align=\"center\">X<\/p>\n<\/td>\n<td valign=\"top\" width=\"104\">\n<p align=\"center\">X<\/p>\n<\/td>\n<\/tr>\n<tr>\n<td valign=\"top\" width=\"245\">Efectuar desembolsos y recibir pagos en efectivo por concepto de operaciones activas de cr\u00e9dito<\/td>\n<td valign=\"top\" width=\"85\">\n<p align=\"center\">\n<\/td>\n<td valign=\"top\" width=\"85\">\n<p align=\"center\">\n<\/td>\n<td valign=\"top\" width=\"104\">\n<p align=\"center\">X<\/p>\n<\/td>\n<\/tr>\n<tr>\n<td valign=\"top\" width=\"245\">Pago del bono de desarrollo humano o de los subsidios otorgados por el gobierno (costo no imputable al beneficiario);<\/td>\n<td valign=\"top\" width=\"85\">\n<p align=\"center\">\n<\/td>\n<td valign=\"top\" width=\"85\">\n<p align=\"center\">X<\/p>\n<\/td>\n<td valign=\"top\" width=\"104\">\n<p align=\"center\">X<\/p>\n<\/td>\n<\/tr>\n<tr>\n<td valign=\"top\" width=\"245\">Realizar avances en efectivo de tarjeta de cr\u00e9dito;<\/td>\n<td valign=\"top\" width=\"85\">\n<p align=\"center\">\n<\/td>\n<td valign=\"top\" width=\"85\">\n<p align=\"center\">\n<\/td>\n<td valign=\"top\" width=\"104\">\n<p align=\"center\">X<\/p>\n<\/td>\n<\/tr>\n<tr>\n<td valign=\"top\" width=\"245\">Realizar recaudaciones a nombre de terceros.<\/td>\n<td valign=\"top\" width=\"85\">\n<p align=\"center\">\n<\/td>\n<td valign=\"top\" width=\"85\">\n<p align=\"center\">X<\/p>\n<\/td>\n<td valign=\"top\" width=\"104\">\n<p align=\"center\">X<\/p>\n<\/td>\n<\/tr>\n<tr>\n<td valign=\"top\" width=\"245\">Realizar env\u00edos y pagos de giros y remesas, locales y del exterior.<\/td>\n<td valign=\"top\" width=\"85\">\n<p align=\"center\">\n<\/td>\n<td valign=\"top\" width=\"85\">\n<p align=\"center\">\n<\/td>\n<td valign=\"top\" width=\"104\">\n<p align=\"center\">X<\/p>\n<\/td>\n<\/tr>\n<tr>\n<td valign=\"top\" width=\"245\">Recaudar el pago de servicios b\u00e1sicos;<\/td>\n<td valign=\"top\" width=\"85\">\n<p align=\"center\">\n<\/td>\n<td valign=\"top\" width=\"85\">\n<p align=\"center\">X<\/p>\n<\/td>\n<td valign=\"top\" width=\"104\">\n<p align=\"center\">X<\/p>\n<\/td>\n<\/tr>\n<tr>\n<td valign=\"top\" width=\"245\">Recargas electr\u00f3nicas<\/td>\n<td valign=\"top\" width=\"85\">\n<p align=\"center\">X<\/p>\n<\/td>\n<td valign=\"top\" width=\"85\">\n<p align=\"center\">X<\/p>\n<\/td>\n<td valign=\"top\" width=\"104\">\n<p align=\"center\">X<\/p>\n<\/td>\n<\/tr>\n<tr>\n<td valign=\"top\" width=\"245\"><strong>*** Factura Electr\u00f3nica <\/strong><\/td>\n<td valign=\"top\" width=\"85\">\n<p align=\"center\">X<\/p>\n<\/td>\n<td valign=\"top\" width=\"85\">\n<p align=\"center\">X<\/p>\n<\/td>\n<td valign=\"top\" width=\"104\">\n<p align=\"center\">X<\/p>\n<\/td>\n<\/tr>\n<\/tbody>\n<\/table>\n<p>[\/vc_column_text][\/vc_column][\/vc_row][vc_row rt_row_background_width=\u00bbfullwidth\u00bb rt_row_content_width=\u00bbdefault\u00bb rt_row_style=\u00bbdefault-style\u00bb rt_row_height=\u00bb\u00bb rt_column_gaps=\u00bb\u00bb rt_row_shadows=\u00bb\u00bb rt_row_borders=\u00bb\u00bb rt_bg_effect=\u00bbclassic\u00bb rt_bg_image_repeat=\u00bbrepeat\u00bb rt_bg_size=\u00bbcover\u00bb rt_bg_position=\u00bbright top\u00bb rt_bg_attachment=\u00bbscroll\u00bb rt_bg_layer=\u00bb\u00bb rt_bg_video_format=\u00bbself-hosted\u00bb rt_class=\u00bbrt-3500015&#8243; rt_paddings=\u00bb0,0,,\u00bb rt_margins=\u00bb,,,\u00bb rt_content_margins=\u00bb,,,\u00bb rt_tablet_paddings=\u00bb,,,\u00bb rt_tablet_margins=\u00bb,,,\u00bb rt_tablet_content_margins=\u00bb,,,\u00bb rt_sp_paddings=\u00bb,,,\u00bb rt_sp_margins=\u00bb,,,\u00bb rt_sp_content_margins=\u00bb,,,\u00bb rt_bg_color=\u00bb#000000&#8243;][vc_column width=\u00bb1\/2&#8243; rt_bg_effect=\u00bbclassic\u00bb rt_bg_image_repeat=\u00bbrepeat\u00bb rt_bg_size=\u00bbauto auto\u00bb rt_bg_position=\u00bbright top\u00bb rt_bg_attachment=\u00bbscroll\u00bb css=\u00bb.vc_custom_1578595225744{margin-top: -6px !important;border-top-width: 6px !important;background-color: #282828 !important;border-top-color: #dd3333 !important;border-top-style: solid !important;}\u00bb rt_class=\u00bbrt-8622727&#8243; rt_margins=\u00bb,\u00bb rt_paddings=\u00bb,,,\u00bb rt_wrapper_paddings=\u00bb,,,\u00bb rt_tablet_margins=\u00bb,\u00bb rt_tablet_paddings=\u00bb,,,\u00bb rt_tablet_wrapper_paddings=\u00bb,,,\u00bb rt_sp_margins=\u00bb,\u00bb rt_sp_paddings=\u00bb,,,\u00bb rt_sp_wrapper_paddings=\u00bb,,,\u00bb rt_bg_color=\u00bb\u00bb rt_bg_overlay_color=\u00bb\u00bb][vc_column_text]<\/p>\n<p style=\"text-align: justify;\"><span style=\"color: #ffffff;\"><strong>REDPAGOS S.A<\/strong><strong>.<\/strong> empresa Auxiliar del Sistema Financiero Nacional\u00a0 y cuenta con las siguientes calificaciones:<\/span><\/p>\n<ul style=\"text-align: justify;\">\n<li><span style=\"color: #ffffff;\">La SUPERINTENDENCIA DE BANCOS DEL ECUADOR mediante Resoluci\u00f3n No. SB-IRG-DRTL-2018-182 del 11 de mayo del 2018, resuelve la calificaci\u00f3n como compa\u00f1\u00eda de servicios auxiliares de los sectores financieros p\u00fablico y privado, en el \u00e1rea de transaccionales y de pago.<\/span><\/li>\n<li><span style=\"color: #ffffff;\">La SUPERINTENDENCIA DE ECONOM\u00cdA POPULAR Y SOLIDARIA mediante Resoluci\u00f3n No. SEPS-ISF-DNAISF-2018-0107 de 13 de junio de 2018, resuelve la calificaci\u00f3n para que act\u00fae como compa\u00f1\u00eda de servicios auxiliares de TRANSACCIONALES Y DE PAGO del Sector Financiero Popular y Solidario.<\/span><\/li>\n<\/ul>\n<p style=\"text-align: justify;\"><span style=\"color: #ffffff;\">y autorizada su funcionamiento por:<\/span><\/p>\n<ul>\n<li style=\"text-align: justify;\"><span style=\"color: #ffffff;\">BANCO CENTRAL DEL ECUADOR mediante Resoluci\u00f3n administrativa: Nro. BCE-DNRO-2018-026, resuelve autorizar a la compa\u00f1\u00eda como Sistema Auxiliar de Pagos para operar en los servicios de \u201cRecaudador de Recursos Privados\u201d.<\/span><\/li>\n<\/ul>\n<p>[\/vc_column_text][\/vc_column][vc_column width=\u00bb1\/4&#8243; rt_bg_effect=\u00bbclassic\u00bb rt_bg_image_repeat=\u00bbrepeat\u00bb rt_bg_size=\u00bbauto auto\u00bb rt_bg_position=\u00bbright top\u00bb rt_bg_attachment=\u00bbscroll\u00bb rt_class=\u00bbrt-1842350&#8243; rt_margins=\u00bb,\u00bb rt_paddings=\u00bb,,80px,\u00bb rt_wrapper_paddings=\u00bb,,,\u00bb rt_tablet_margins=\u00bb,\u00bb rt_tablet_paddings=\u00bb,,,\u00bb rt_tablet_wrapper_paddings=\u00bb,,,\u00bb rt_sp_margins=\u00bb,\u00bb rt_sp_paddings=\u00bb,,,\u00bb rt_sp_wrapper_paddings=\u00bb,,,\u00bb rt_bg_color=\u00bb\u00bb rt_bg_overlay_color=\u00bb\u00bb][vc_raw_html]JTNDZGl2JTIwY2xhc3MlM0QlMjJjb2x1bW4taW5uZXIlMjIlM0UlMEElMDklM0NkaXYlMjBpZCUzRCUyMnNvY2lhbF9tZWRpYV9pY29ucy0xJTIyJTIwY2xhc3MlM0QlMjJmb290ZXJfd2lkZ2V0JTIwd2lkZ2V0JTIwd2lkZ2V0X3NvY2lhbF9tZWRpYV9pY29ucyUyMiUzRSUwQSUwOSUwOSUzQ2g1JTNFJTNDc3BhbiUyMHN0eWxlJTNEJTIyY29sb3IlM0ElMjAlMjNmZmZmZmYlM0IlMjIlM0VTJUMzJUFEZ3Vlbm9zJTIwZW4lM0ElM0MlMkZzcGFuJTNFJTNDJTJGaDUlM0UlMEElMDklMDklM0NkaXYlMjBjbGFzcyUzRCUyMmJ1c2luZXNzbG91bmdlLXNvY2lhbC1tZWRpYS13aWRnZXQlMjIlM0UlMEElMDklMDklMDklM0N1bCUyMGNsYXNzJTNEJTIyc29jaWFsX21lZGlhJTIwbXVsdGlsaW5lLWxpc3QlMjIlM0UlMEElMDklMDklMDklMDklM0NsaSUyMGNsYXNzJTNEJTIydHdpdHRlciUyMiUzRSUzQ2ElMjBzdHlsZSUzRCUyMmNvbG9yJTNBJTIwJTIzZmZmZmZmJTNCJTIyJTIwY2xhc3MlM0QlMjJ1aS1pY29uLXR3aXR0ZXIlMjIlMjB0YXJnZXQlM0QlMjJfYmxhbmslMjIlMjBocmVmJTNEJTIyJTIzJTIyJTIwdGl0bGUlM0QlMjJUd2l0dGVyJTIyJTNFVHdpdHRlciUzQyUyRmElM0UlM0MlMkZsaSUzRSUwQSUwOSUwOSUwOSUwOSUzQ2xpJTIwY2xhc3MlM0QlMjJmYWNlYm9vayUyMiUzRSUzQ2ElMjBzdHlsZSUzRCUyMmNvbG9yJTNBJTIwJTIzZmZmZmZmJTNCJTIyJTIwY2xhc3MlM0QlMjJ1aS1pY29uLWZhY2Vib29rJTIyJTIwdGFyZ2V0JTNEJTIyX2JsYW5rJTIyJTIwaHJlZiUzRCUyMiUyMyUyMiUyMHRpdGxlJTNEJTIyRmFjZWJvb2slMjIlM0VGYWNlYm9vayUzQyUyRmElM0UlM0MlMkZsaSUzRSUwQSUwOSUwOSUwOSUwOSUzQ2xpJTIwY2xhc3MlM0QlMjJ3aGF0c2FwcCUyMiUzRSUzQ2ElMjBzdHlsZSUzRCUyMmNvbG9yJTNBJTIwJTIzZmZmZmZmJTNCJTIyJTIwY2xhc3MlM0QlMjJ1aS1pY29uLXdoYXRzYXBwJTIyJTIwdGFyZ2V0JTNEJTIyX3NlbGYlMjIlMjBocmVmJTNEJTIyaHR0cHMlM0ElMkYlMkZhcGkud2hhdHNhcHAuY29tJTJGc2VuZCUzRnBob25lJTNENTkzOTg4NDM1NzgwJTIyJTIwdGl0bGUlM0QlMjJXaGF0c0FwcCUyMiUzRVdoYXRzYXBwJTNDJTJGYSUzRSUzQyUyRmxpJTNFJTBBJTA5JTA5JTA5JTNDJTJGdWwlM0UlMEElMDklMDklM0MlMkZkaXYlM0UlMEElMDklM0MlMkZkaXYlM0UlMEElM0MlMkZkaXYlM0UlMEElMDk=[\/vc_raw_html][\/vc_column][vc_column width=\u00bb1\/4&#8243; rt_bg_effect=\u00bbclassic\u00bb rt_bg_image_repeat=\u00bbrepeat\u00bb rt_bg_size=\u00bbauto auto\u00bb rt_bg_position=\u00bbright top\u00bb rt_bg_attachment=\u00bbscroll\u00bb][vc_column_text]<\/p>\n<div class=\"textwidget\">\n<h5><span style=\"color: #ffffff;\">EDUCACI\u00d3N FINANCIERA<\/span><\/h5>\n<h5><span style=\"color: #ffffff;\"><strong>DEFINICIONES<\/strong><\/span><\/h5>\n<p><span style=\"color: #ffffff;\">Para el adecuado entendimiento e interpretaci\u00f3n del contenido de esta P\u00e1gina Web, se adoptan las siguientes definiciones:<\/span><\/p>\n<ul>\n<li><span style=\"color: #ffffff;\"><a style=\"color: #ffffff;\" href=\"https:\/\/www.redpagos.ec\/redpago\/glosario-operativo\/\"><strong>GLOSARIO OPERATIVO<\/strong><\/a><\/span><\/li>\n<li><span style=\"color: #ffffff;\"><a style=\"color: #ffffff;\" href=\"https:\/\/www.redpagos.ec\/redpago\/glosario-tecnico\/\"><strong>GLOSARIO T\u00c9CNICO<\/strong><\/a><\/span><\/li>\n<\/ul>\n<\/div>\n<p>[\/vc_column_text][\/vc_column][\/vc_row]<\/p>\n","protected":false},"excerpt":{"rendered":"<p>[vc_row rt_row_background_width=\u00bbfullwidth\u00bb rt_row_content_width=\u00bbdefault\u00bb rt_row_style=\u00bbdefault-style\u00bb rt_row_height=\u00bb\u00bb rt_column_gaps=\u00bb\u00bb rt_row_shadows=\u00bb\u00bb rt_row_borders=\u00bb\u00bb rt_bg_effect=\u00bbclassic\u00bb rt_bg_image_repeat=\u00bbrepeat\u00bb rt_bg_size=\u00bbcover\u00bb rt_bg_position=\u00bbright top\u00bb rt_bg_attachment=\u00bbscroll\u00bb rt_bg_layer=\u00bb\u00bb rt_bg_video_format=\u00bbself-hosted\u00bb][vc_column rt_bg_effect=\u00bbclassic\u00bb rt_bg_image_repeat=\u00bbrepeat\u00bb rt_bg_size=\u00bbauto auto\u00bb rt_bg_position=\u00bbright top\u00bb rt_bg_attachment=\u00bbscroll\u00bb][vc_column_text]Es cualquier persona natural o jur\u00eddica, que atienda al p\u00fablico, contratada por un establecimiento de cr\u00e9dito para prestar servicios financieros y no financieros; para esto debe estar conectado a trav\u00e9s de sistemas de [&hellip;]<\/p>\n","protected":false},"author":1,"featured_media":0,"parent":0,"menu_order":0,"comment_status":"closed","ping_status":"closed","template":"","meta":[],"_links":{"self":[{"href":"https:\/\/www.redpagos.ec\/redpago\/wp-json\/wp\/v2\/pages\/4969"}],"collection":[{"href":"https:\/\/www.redpagos.ec\/redpago\/wp-json\/wp\/v2\/pages"}],"about":[{"href":"https:\/\/www.redpagos.ec\/redpago\/wp-json\/wp\/v2\/types\/page"}],"author":[{"embeddable":true,"href":"https:\/\/www.redpagos.ec\/redpago\/wp-json\/wp\/v2\/users\/1"}],"replies":[{"embeddable":true,"href":"https:\/\/www.redpagos.ec\/redpago\/wp-json\/wp\/v2\/comments?post=4969"}],"version-history":[{"count":4,"href":"https:\/\/www.redpagos.ec\/redpago\/wp-json\/wp\/v2\/pages\/4969\/revisions"}],"predecessor-version":[{"id":5001,"href":"https:\/\/www.redpagos.ec\/redpago\/wp-json\/wp\/v2\/pages\/4969\/revisions\/5001"}],"wp:attachment":[{"href":"https:\/\/www.redpagos.ec\/redpago\/wp-json\/wp\/v2\/media?parent=4969"}],"curies":[{"name":"wp","href":"https:\/\/api.w.org\/{rel}","templated":true}]}}