{"id":4963,"date":"2020-01-15T19:46:06","date_gmt":"2020-01-15T19:46:06","guid":{"rendered":"https:\/\/www.redpagos.ec\/redpago\/?page_id=4963"},"modified":"2020-01-16T19:21:34","modified_gmt":"2020-01-16T19:21:34","slug":"red-factura","status":"publish","type":"page","link":"https:\/\/www.redpagos.ec\/redpago\/red-factura\/","title":{"rendered":"Red Factura"},"content":{"rendered":"<p>[vc_row rt_row_background_width=\u00bbfullwidth\u00bb rt_row_content_width=\u00bbdefault\u00bb rt_row_style=\u00bbdefault-style\u00bb rt_row_height=\u00bb\u00bb rt_column_gaps=\u00bb\u00bb rt_row_shadows=\u00bb\u00bb rt_row_borders=\u00bb\u00bb rt_bg_effect=\u00bbclassic\u00bb rt_bg_image_repeat=\u00bbrepeat\u00bb rt_bg_size=\u00bbcover\u00bb rt_bg_position=\u00bbright top\u00bb rt_bg_attachment=\u00bbscroll\u00bb rt_bg_layer=\u00bb\u00bb rt_bg_video_format=\u00bbself-hosted\u00bb][vc_column rt_bg_effect=\u00bbclassic\u00bb rt_bg_image_repeat=\u00bbrepeat\u00bb rt_bg_size=\u00bbauto auto\u00bb rt_bg_position=\u00bbright top\u00bb rt_bg_attachment=\u00bbscroll\u00bb][vc_column_text]<img loading=\"lazy\" class=\"aligncenter size-full wp-image-4840\" src=\"https:\/\/www.redpagos.ec\/redpago\/wp-content\/uploads\/2020\/01\/redfactura.jpg\" alt=\"\" width=\"252\" height=\"65\" srcset=\"https:\/\/www.redpagos.ec\/redpago\/wp-content\/uploads\/2020\/01\/redfactura.jpg 252w, https:\/\/www.redpagos.ec\/redpago\/wp-content\/uploads\/2020\/01\/redfactura-126x32.jpg 126w\" sizes=\"(max-width: 252px) 100vw, 252px\" \/><\/p>\n<p style=\"text-align: justify;\">Pensando en la diversidad y dimensi\u00f3n de las empresas y los productos que las mismas ofertan, ha desarrollado 2 modalidades de servicio de facturaci\u00f3n, los mismos que se pueden adaptar de acuerdo a la capacidad operativa de la empresa.<\/p>\n<p><strong>Los planes PREPAGOS<\/strong> se ajustan al tama\u00f1o de la empresa o negocio (mipymes y grandes) y\/o a la cantidad de documentos que puede llegar a generar un peque\u00f1o comercio (personas naturales o jur\u00eddicas).<\/p>\n<table border=\"1\" width=\"800\" align=\"center\">\n<tbody>\n<tr>\n<td rowspan=\"2\" width=\"128\"><\/td>\n<td style=\"text-align: center;\" colspan=\"6\" bgcolor=\"#A9BFD9\" width=\"458\"><strong>PLAN PREPAGO<\/strong><\/td>\n<\/tr>\n<tr>\n<td style=\"text-align: center;\" colspan=\"2\" width=\"158\"><strong>SILVER<\/strong><\/td>\n<td style=\"text-align: center;\" colspan=\"2\" width=\"150\"><strong>GOLD<\/strong><\/td>\n<td style=\"text-align: center;\" colspan=\"2\" width=\"149\"><strong>PLATINUM<\/strong><\/td>\n<\/tr>\n<tr>\n<td bgcolor=\"#FDD6AD\" width=\"128\"><strong>CLIENTE<\/strong><\/td>\n<td style=\"text-align: center;\" bgcolor=\"#FDD6AD\" width=\"67\"><strong>USD<\/strong><\/td>\n<td style=\"text-align: center;\" bgcolor=\"#FDD6AD\" width=\"92\"><strong>Documentos<\/strong><\/td>\n<td style=\"text-align: center;\" bgcolor=\"#FDD6AD\" width=\"61\"><strong>USD<\/strong><\/td>\n<td style=\"text-align: center;\" bgcolor=\"#FDD6AD\" width=\"89\"><strong>Documentos<\/strong><\/td>\n<td style=\"text-align: center;\" bgcolor=\"#FDD6AD\" width=\"57\"><strong>USD<\/strong><\/td>\n<td style=\"text-align: center;\" bgcolor=\"#FDD6AD\" width=\"92\"><strong>Documentos<\/strong><\/td>\n<\/tr>\n<tr>\n<td bgcolor=\"#FDD6AD\" width=\"128\"><strong>PERSONA NATURAL<\/strong><\/td>\n<td style=\"text-align: center;\" width=\"67\">10<\/td>\n<td style=\"text-align: center;\" width=\"92\">50<\/td>\n<td style=\"text-align: center;\" width=\"61\">15<\/td>\n<td style=\"text-align: center;\" width=\"89\">100<\/td>\n<td style=\"text-align: center;\" width=\"57\">35<\/td>\n<td style=\"text-align: center;\" width=\"92\">250<\/td>\n<\/tr>\n<tr>\n<td bgcolor=\"#FDD6AD\" width=\"128\"><strong>MIPYMES<\/strong><\/td>\n<td style=\"text-align: center;\" width=\"67\">65<\/td>\n<td style=\"text-align: center;\" width=\"92\">500<\/td>\n<td style=\"text-align: center;\" width=\"61\">110<\/td>\n<td style=\"text-align: center;\" width=\"89\">1000<\/td>\n<td style=\"text-align: center;\" width=\"57\">200<\/td>\n<td style=\"text-align: center;\" width=\"92\">2500<\/td>\n<\/tr>\n<tr>\n<td bgcolor=\"#FDD6AD\" width=\"128\"><strong>CORPORATIVO<\/strong><\/td>\n<td style=\"text-align: center;\" width=\"67\">280<\/td>\n<td style=\"text-align: center;\" width=\"92\">5000<\/td>\n<td style=\"text-align: center;\" width=\"61\">350<\/td>\n<td style=\"text-align: center;\" width=\"89\">10000<\/td>\n<td style=\"text-align: center;\" width=\"57\">410<\/td>\n<td style=\"text-align: center;\" width=\"92\">15000<\/td>\n<\/tr>\n<\/tbody>\n<\/table>\n<p style=\"text-align: justify;\">Para el Plan Prepago Platinum, una <span style=\"text-align: justify;\">vez que se agota su cupo se podr\u00e1 seguir generando facturas en modalidad postpago, con costos acordados por contrato entre las partes.<\/span><\/p>\n<p style=\"text-align: justify;\">La solicitud del servicio y habilitaci\u00f3n de un plan prepago se realiza de forma online, cargando directamente el cliente los datos tributarios necesarios para poder operar la herramienta. Autom\u00e1ticamente se genera un contrato y previo a la cancelaci\u00f3n del servicio contratado se habilita la cuenta del cliente para el uso del sistema de facturaci\u00f3n.<\/p>\n<p style=\"text-align: justify;\"><strong>Los planes POSTPAGOS<\/strong> se utilizan para empresas o comercios que ya cuentan con un sistema desde el cual generan documentos\/transacciones concernientes a su giro de negocio.<\/p>\n<p style=\"text-align: justify;\"><strong>REDPAGOS <\/strong>brinda la posibilidad de que la empresa contratante realice con personal t\u00e9cnico propio la integraci\u00f3n de su sistema con el portal de facturaci\u00f3n, o puede contratar a REDPAGOS para realizar dicha integraci\u00f3n.<\/p>\n<p style=\"text-align: justify;\"><span style=\"text-align: justify;\">Las propuestas son personalizadas para cada cliente dependiend<\/span>o de su volumen de transaccionalidad y necesidades propias de la empresa.<\/p>\n<p>[\/vc_column_text][\/vc_column][\/vc_row][vc_row rt_row_background_width=\u00bbfullwidth\u00bb rt_row_content_width=\u00bbdefault\u00bb rt_row_style=\u00bbdefault-style\u00bb rt_row_height=\u00bb\u00bb rt_column_gaps=\u00bb\u00bb rt_row_shadows=\u00bb\u00bb rt_row_borders=\u00bb\u00bb rt_bg_effect=\u00bbclassic\u00bb rt_bg_image_repeat=\u00bbrepeat\u00bb rt_bg_size=\u00bbcover\u00bb rt_bg_position=\u00bbright top\u00bb rt_bg_attachment=\u00bbscroll\u00bb rt_bg_layer=\u00bb\u00bb rt_bg_video_format=\u00bbself-hosted\u00bb rt_class=\u00bbrt-3500015&#8243; rt_paddings=\u00bb0,0,,\u00bb rt_margins=\u00bb,,,\u00bb rt_content_margins=\u00bb,,,\u00bb rt_tablet_paddings=\u00bb,,,\u00bb rt_tablet_margins=\u00bb,,,\u00bb rt_tablet_content_margins=\u00bb,,,\u00bb rt_sp_paddings=\u00bb,,,\u00bb rt_sp_margins=\u00bb,,,\u00bb rt_sp_content_margins=\u00bb,,,\u00bb rt_bg_color=\u00bb#000000&#8243;][vc_column width=\u00bb1\/2&#8243; rt_bg_effect=\u00bbclassic\u00bb rt_bg_image_repeat=\u00bbrepeat\u00bb rt_bg_size=\u00bbauto auto\u00bb rt_bg_position=\u00bbright top\u00bb rt_bg_attachment=\u00bbscroll\u00bb css=\u00bb.vc_custom_1578595225744{margin-top: -6px !important;border-top-width: 6px !important;background-color: #282828 !important;border-top-color: #dd3333 !important;border-top-style: solid !important;}\u00bb rt_class=\u00bbrt-8622727&#8243; rt_margins=\u00bb,\u00bb rt_paddings=\u00bb,,,\u00bb rt_wrapper_paddings=\u00bb,,,\u00bb rt_tablet_margins=\u00bb,\u00bb rt_tablet_paddings=\u00bb,,,\u00bb rt_tablet_wrapper_paddings=\u00bb,,,\u00bb rt_sp_margins=\u00bb,\u00bb rt_sp_paddings=\u00bb,,,\u00bb rt_sp_wrapper_paddings=\u00bb,,,\u00bb rt_bg_color=\u00bb\u00bb rt_bg_overlay_color=\u00bb\u00bb][vc_column_text]<\/p>\n<p style=\"text-align: justify;\"><span style=\"color: #ffffff;\"><strong>REDPAGOS S.A<\/strong><strong>.<\/strong> empresa Auxiliar del Sistema Financiero Nacional\u00a0 y cuenta con las siguientes calificaciones:<\/span><\/p>\n<ul style=\"text-align: justify;\">\n<li><span style=\"color: #ffffff;\">La SUPERINTENDENCIA DE BANCOS DEL ECUADOR mediante Resoluci\u00f3n No. SB-IRG-DRTL-2018-182 del 11 de mayo del 2018, resuelve la calificaci\u00f3n como compa\u00f1\u00eda de servicios auxiliares de los sectores financieros p\u00fablico y privado, en el \u00e1rea de transaccionales y de pago.<\/span><\/li>\n<li><span style=\"color: #ffffff;\">La SUPERINTENDENCIA DE ECONOM\u00cdA POPULAR Y SOLIDARIA mediante Resoluci\u00f3n No. SEPS-ISF-DNAISF-2018-0107 de 13 de junio de 2018, resuelve la calificaci\u00f3n para que act\u00fae como compa\u00f1\u00eda de servicios auxiliares de TRANSACCIONALES Y DE PAGO del Sector Financiero Popular y Solidario.<\/span><\/li>\n<\/ul>\n<p style=\"text-align: justify;\"><span style=\"color: #ffffff;\">y autorizada su funcionamiento por:<\/span><\/p>\n<ul>\n<li style=\"text-align: justify;\"><span style=\"color: #ffffff;\">BANCO CENTRAL DEL ECUADOR mediante Resoluci\u00f3n administrativa: Nro. BCE-DNRO-2018-026, resuelve autorizar a la compa\u00f1\u00eda como Sistema Auxiliar de Pagos para operar en los servicios de \u201cRecaudador de Recursos Privados\u201d.<\/span><\/li>\n<\/ul>\n<p>[\/vc_column_text][\/vc_column][vc_column width=\u00bb1\/4&#8243; rt_bg_effect=\u00bbclassic\u00bb rt_bg_image_repeat=\u00bbrepeat\u00bb rt_bg_size=\u00bbauto auto\u00bb rt_bg_position=\u00bbright top\u00bb rt_bg_attachment=\u00bbscroll\u00bb rt_class=\u00bbrt-1842350&#8243; rt_margins=\u00bb,\u00bb rt_paddings=\u00bb,,80px,\u00bb rt_wrapper_paddings=\u00bb,,,\u00bb rt_tablet_margins=\u00bb,\u00bb rt_tablet_paddings=\u00bb,,,\u00bb rt_tablet_wrapper_paddings=\u00bb,,,\u00bb rt_sp_margins=\u00bb,\u00bb rt_sp_paddings=\u00bb,,,\u00bb rt_sp_wrapper_paddings=\u00bb,,,\u00bb rt_bg_color=\u00bb\u00bb rt_bg_overlay_color=\u00bb\u00bb][vc_raw_html]JTNDZGl2JTIwY2xhc3MlM0QlMjJjb2x1bW4taW5uZXIlMjIlM0UlMEElMDklM0NkaXYlMjBpZCUzRCUyMnNvY2lhbF9tZWRpYV9pY29ucy0xJTIyJTIwY2xhc3MlM0QlMjJmb290ZXJfd2lkZ2V0JTIwd2lkZ2V0JTIwd2lkZ2V0X3NvY2lhbF9tZWRpYV9pY29ucyUyMiUzRSUwQSUwOSUwOSUzQ2g1JTNFJTNDc3BhbiUyMHN0eWxlJTNEJTIyY29sb3IlM0ElMjAlMjNmZmZmZmYlM0IlMjIlM0VTJUMzJUFEZ3Vlbm9zJTIwZW4lM0ElM0MlMkZzcGFuJTNFJTNDJTJGaDUlM0UlMEElMDklMDklM0NkaXYlMjBjbGFzcyUzRCUyMmJ1c2luZXNzbG91bmdlLXNvY2lhbC1tZWRpYS13aWRnZXQlMjIlM0UlMEElMDklMDklMDklM0N1bCUyMGNsYXNzJTNEJTIyc29jaWFsX21lZGlhJTIwbXVsdGlsaW5lLWxpc3QlMjIlM0UlMEElMDklMDklMDklMDklM0NsaSUyMGNsYXNzJTNEJTIydHdpdHRlciUyMiUzRSUzQ2ElMjBzdHlsZSUzRCUyMmNvbG9yJTNBJTIwJTIzZmZmZmZmJTNCJTIyJTIwY2xhc3MlM0QlMjJ1aS1pY29uLXR3aXR0ZXIlMjIlMjB0YXJnZXQlM0QlMjJfYmxhbmslMjIlMjBocmVmJTNEJTIyJTIzJTIyJTIwdGl0bGUlM0QlMjJUd2l0dGVyJTIyJTNFVHdpdHRlciUzQyUyRmElM0UlM0MlMkZsaSUzRSUwQSUwOSUwOSUwOSUwOSUzQ2xpJTIwY2xhc3MlM0QlMjJmYWNlYm9vayUyMiUzRSUzQ2ElMjBzdHlsZSUzRCUyMmNvbG9yJTNBJTIwJTIzZmZmZmZmJTNCJTIyJTIwY2xhc3MlM0QlMjJ1aS1pY29uLWZhY2Vib29rJTIyJTIwdGFyZ2V0JTNEJTIyX2JsYW5rJTIyJTIwaHJlZiUzRCUyMiUyMyUyMiUyMHRpdGxlJTNEJTIyRmFjZWJvb2slMjIlM0VGYWNlYm9vayUzQyUyRmElM0UlM0MlMkZsaSUzRSUwQSUwOSUwOSUwOSUwOSUzQ2xpJTIwY2xhc3MlM0QlMjJ3aGF0c2FwcCUyMiUzRSUzQ2ElMjBzdHlsZSUzRCUyMmNvbG9yJTNBJTIwJTIzZmZmZmZmJTNCJTIyJTIwY2xhc3MlM0QlMjJ1aS1pY29uLXdoYXRzYXBwJTIyJTIwdGFyZ2V0JTNEJTIyX3NlbGYlMjIlMjBocmVmJTNEJTIyaHR0cHMlM0ElMkYlMkZhcGkud2hhdHNhcHAuY29tJTJGc2VuZCUzRnBob25lJTNENTkzOTg4NDM1NzgwJTIyJTIwdGl0bGUlM0QlMjJXaGF0c0FwcCUyMiUzRVdoYXRzYXBwJTNDJTJGYSUzRSUzQyUyRmxpJTNFJTBBJTA5JTA5JTA5JTNDJTJGdWwlM0UlMEElMDklMDklM0MlMkZkaXYlM0UlMEElMDklM0MlMkZkaXYlM0UlMEElM0MlMkZkaXYlM0UlMEElMDk=[\/vc_raw_html][\/vc_column][vc_column width=\u00bb1\/4&#8243; rt_bg_effect=\u00bbclassic\u00bb rt_bg_image_repeat=\u00bbrepeat\u00bb rt_bg_size=\u00bbauto auto\u00bb rt_bg_position=\u00bbright top\u00bb rt_bg_attachment=\u00bbscroll\u00bb][vc_column_text]<\/p>\n<div class=\"textwidget\">\n<h5><span style=\"color: #ffffff;\">EDUCACI\u00d3N FINANCIERA<\/span><\/h5>\n<h5><span style=\"color: #ffffff;\"><strong>DEFINICIONES<\/strong><\/span><\/h5>\n<p><span style=\"color: #ffffff;\">Para el adecuado entendimiento e interpretaci\u00f3n del contenido de esta P\u00e1gina Web, se adoptan las siguientes definiciones:<\/span><\/p>\n<ul>\n<li><span style=\"color: #ffffff;\"><a style=\"color: #ffffff;\" href=\"https:\/\/www.redpagos.ec\/redpago\/glosario-operativo\/\"><strong>GLOSARIO OPERATIVO<\/strong><\/a><\/span><\/li>\n<li><span style=\"color: #ffffff;\"><a style=\"color: #ffffff;\" href=\"https:\/\/www.redpagos.ec\/redpago\/glosario-tecnico\/\"><strong>GLOSARIO T\u00c9CNICO<\/strong><\/a><\/span><\/li>\n<\/ul>\n<\/div>\n<p>[\/vc_column_text][\/vc_column][\/vc_row]<\/p>\n","protected":false},"excerpt":{"rendered":"<p>[vc_row rt_row_background_width=\u00bbfullwidth\u00bb rt_row_content_width=\u00bbdefault\u00bb rt_row_style=\u00bbdefault-style\u00bb rt_row_height=\u00bb\u00bb rt_column_gaps=\u00bb\u00bb rt_row_shadows=\u00bb\u00bb rt_row_borders=\u00bb\u00bb rt_bg_effect=\u00bbclassic\u00bb rt_bg_image_repeat=\u00bbrepeat\u00bb rt_bg_size=\u00bbcover\u00bb rt_bg_position=\u00bbright top\u00bb rt_bg_attachment=\u00bbscroll\u00bb rt_bg_layer=\u00bb\u00bb rt_bg_video_format=\u00bbself-hosted\u00bb][vc_column rt_bg_effect=\u00bbclassic\u00bb rt_bg_image_repeat=\u00bbrepeat\u00bb rt_bg_size=\u00bbauto auto\u00bb rt_bg_position=\u00bbright top\u00bb rt_bg_attachment=\u00bbscroll\u00bb][vc_column_text] Pensando en la diversidad y dimensi\u00f3n de las empresas y los productos que las mismas ofertan, ha desarrollado 2 modalidades de servicio de facturaci\u00f3n, los mismos que se pueden adaptar de acuerdo [&hellip;]<\/p>\n","protected":false},"author":1,"featured_media":0,"parent":0,"menu_order":0,"comment_status":"closed","ping_status":"closed","template":"","meta":[],"_links":{"self":[{"href":"https:\/\/www.redpagos.ec\/redpago\/wp-json\/wp\/v2\/pages\/4963"}],"collection":[{"href":"https:\/\/www.redpagos.ec\/redpago\/wp-json\/wp\/v2\/pages"}],"about":[{"href":"https:\/\/www.redpagos.ec\/redpago\/wp-json\/wp\/v2\/types\/page"}],"author":[{"embeddable":true,"href":"https:\/\/www.redpagos.ec\/redpago\/wp-json\/wp\/v2\/users\/1"}],"replies":[{"embeddable":true,"href":"https:\/\/www.redpagos.ec\/redpago\/wp-json\/wp\/v2\/comments?post=4963"}],"version-history":[{"count":5,"href":"https:\/\/www.redpagos.ec\/redpago\/wp-json\/wp\/v2\/pages\/4963\/revisions"}],"predecessor-version":[{"id":4998,"href":"https:\/\/www.redpagos.ec\/redpago\/wp-json\/wp\/v2\/pages\/4963\/revisions\/4998"}],"wp:attachment":[{"href":"https:\/\/www.redpagos.ec\/redpago\/wp-json\/wp\/v2\/media?parent=4963"}],"curies":[{"name":"wp","href":"https:\/\/api.w.org\/{rel}","templated":true}]}}