{"id":4867,"date":"2020-01-08T18:58:11","date_gmt":"2020-01-08T18:58:11","guid":{"rendered":"https:\/\/www.redpagos.ec\/redpago\/?page_id=4867"},"modified":"2020-01-15T19:56:29","modified_gmt":"2020-01-15T19:56:29","slug":"glosario-tecnico","status":"publish","type":"page","link":"https:\/\/www.redpagos.ec\/redpago\/glosario-tecnico\/","title":{"rendered":"GLOSARIO T\u00c9CNICO"},"content":{"rendered":"<p>[vc_row rt_row_background_width=\u00bbfullwidth\u00bb rt_row_content_width=\u00bbdefault\u00bb rt_row_style=\u00bbdefault-style\u00bb rt_row_height=\u00bb\u00bb rt_column_gaps=\u00bb\u00bb rt_row_shadows=\u00bb\u00bb rt_row_borders=\u00bb\u00bb rt_bg_effect=\u00bbclassic\u00bb rt_bg_image_repeat=\u00bbrepeat\u00bb rt_bg_size=\u00bbcover\u00bb rt_bg_position=\u00bbright top\u00bb rt_bg_attachment=\u00bbscroll\u00bb rt_bg_layer=\u00bb\u00bb rt_bg_video_format=\u00bbself-hosted\u00bb][vc_column rt_bg_effect=\u00bbclassic\u00bb rt_bg_image_repeat=\u00bbrepeat\u00bb rt_bg_size=\u00bbauto auto\u00bb rt_bg_position=\u00bbright top\u00bb rt_bg_attachment=\u00bbscroll\u00bb][vc_column_text]<\/p>\n<ol>\n<li style=\"text-align: justify;\"><strong>Back-up.<\/strong> Copia de seguridad de uno o m\u00e1s archivos inform\u00e1ticos que se hace, generalmente, para prevenir posibles p\u00e9rdidas de informaci\u00f3n.<\/li>\n<li style=\"text-align: justify;\"><strong>Plan de Continuidad del Negocio<\/strong>. Es un plan para ayudar a asegurar que los procesos de negocio fluyan normalmente durante un tiempo de emergencia o desastre. Este tipo de emergencias o desastres pueden incluir un incendio o cualquier otro caso en el que el negocio no es capaz de producir en condiciones normales.<\/li>\n<\/ol>\n<p style=\"text-align: justify;\">\u00a0\u00a0\u00a0\u00a0\u00a0\u00a0\u00a0\u00a0\u00a0\u00a0\u00a0 El plan de continuidad del negocio nos ayuda a:<\/p>\n<ul style=\"text-align: justify;\">\n<li>Identificar y prevenir los riesgos cuando sea posible<\/li>\n<li>Prepararse para los riesgos que usted no puede controlar<\/li>\n<li>Responder y recuperarse si se produce un riesgo (por ejemplo, un incidente o crisis).<\/li>\n<\/ul>\n<ol style=\"text-align: justify;\" start=\"3\">\n<li>Siglas en ingles de Protecci\u00f3n continua de datos (Carry on Data Protecci\u00f3n)<\/li>\n<li><strong>Cold-back-up<\/strong>. Una copia de seguridad en fr\u00edo, tambi\u00e9n llamado una copia de seguridad fuera de l\u00ednea, Esta es la forma m\u00e1s segura de realizar copias de seguridad, ya que evita el riesgo de que la copia de datos que pueden estar en el proceso de actualizaci\u00f3n.<\/li>\n<li><strong>Plan de Recuperaci\u00f3n de Desastres<\/strong>. Es el proceso planificado que una organizaci\u00f3n utiliza para recuperar el acceso a su infraestructura (software, datos y \/ o hardware) que son necesarios para reanudar el ejercicio de las funciones normales de trabajo, cr\u00edticos despu\u00e9s del evento ya sea de un desastre natural o una cat\u00e1strofe causada por los seres humanos.<\/li>\n<li>Se garantiza que los usuarios autorizados tengan acceso a la informaci\u00f3n y a los recursos relacionados con la misma, toda vez que lo requieran.<\/li>\n<li><strong>Tiempo de inactividad<\/strong>. Es el periodo de tiempo cuando un host, sistema, etc., no se encuentra disponible o no est\u00e1 en funcionamiento por diversos factores ya sean estos desde un mantenimiento, desconexi\u00f3n de la red, da\u00f1o f\u00edsico del equipo.<\/li>\n<li><strong>Evaluaci\u00f3n del riesgo.<\/strong> Metodolog\u00eda orientada a determinar la vulnerabilidad de la empresa con el objetivo de determinar los posibles eventos que pueden alterar considerablemente el proceso de las operaciones de la organizaci\u00f3n.<\/li>\n<li><strong>Tolerancia a Fallos.<\/strong> puede definirse como una m\u00e1quina, equipo o sistema que tiene la capacidad de recuperarse ante una falla sin interrumpir las operaciones. Un sistema inform\u00e1tico con tolerancia a fallos se basa en tecnolog\u00edas como la duplicaci\u00f3n de discos (disk mirroring) y controladores redundantes NONSTOP.<\/li>\n<li><strong>Alta Disponibilidad.<\/strong> Consiste en la capacidad del sistema para ofrecer un servicio activo durante un tanto por ciento de un tiempo determinado o a la capacidad de recuperaci\u00f3n de este en caso de producirse un fallo en la infraestructura.<\/li>\n<li><strong>Hot-back-up.<\/strong> Una copia de seguridad en caliente, tambi\u00e9n llamado una copia de seguridad din\u00e1mica, Copias de seguridad calientes pueden proporcionar una soluci\u00f3n conveniente en sistemas multiusuario, porque no requieren tiempo de inactividad.<\/li>\n<li><strong>ISO\/IEC.<\/strong> Siglas en ingles de Organizaci\u00f3n de Estandarizaci\u00f3n Internacional (International Standar Organization); Comisi\u00f3n internacional Electrot\u00e9cnica (International Electro technical Commission).<\/li>\n<li>Se salvaguarda la exactitud y totalidad de la informaci\u00f3n y los m\u00e9todos de procesamiento.<\/li>\n<li><strong>Balanceo de Carga.<\/strong> Tiene como prop\u00f3sito distribuir la carga de trabajo de una aplicaci\u00f3n en varios equipos, por lo que la aplicaci\u00f3n puede procesar una carga de trabajo superior. El balanceo de carga es una manera de escalar una aplicaci\u00f3n que demande mayor n\u00famero de recursos.<\/li>\n<li><strong>Plan de contingencia.<\/strong> Nos ayuda a tener metodolog\u00edas para controlar eventos preventivos, predictivos y reactivos. Presenta una estructura estrat\u00e9gica y operativa que nos ayuda a controlar las emergencias y a minimizar las consecuencias negativas que puedan presentarse garantizando la continuidad del negocio y funcionamiento de la empresa frente a cualquier eventualidad, ya sean materiales o personales.<\/li>\n<\/ol>\n<p style=\"text-align: justify;\">El plan de contingencia contiene cuatro etapas b\u00e1sicas:<\/p>\n<ul style=\"text-align: justify;\">\n<li>La evaluaci\u00f3n,<\/li>\n<li>La planificaci\u00f3n,<\/li>\n<li>Las pruebas de viabilidad y,<\/li>\n<li>La ejecuci\u00f3n.<\/li>\n<\/ul>\n<ol start=\"16\">\n<li style=\"text-align: justify;\">Siglas en ingles de Conjunto Redundante de Discos Independientes (Redundant Array Independent Disks)<\/li>\n<li style=\"text-align: justify;\">Siglas en ingles de Objetivo del Tiempo de Recuperaci\u00f3n (Recovery Time Objetive). M\u00e1ximo de tiempo entre el punto de interrupci\u00f3n y el asumible en tener los sistemas de informaci\u00f3n funcionando nuevamente despu\u00e9s de un incidente y con los datos actualizados.<\/li>\n<li style=\"text-align: justify;\">Siglas en ingles de Objetivo de Punto de Recuperaci\u00f3n (Recovery Point Objetive). Periodo m\u00e1ximo de tiempo en el cual se han podido ver afectados los datos debido a la ocurrencia de un determinado evento.<\/li>\n<li style=\"text-align: justify;\"><strong>Recuperaci\u00f3n.<\/strong> Es un proceso que permite la recuperaci\u00f3n de la informaci\u00f3n y de la operaci\u00f3n en un corto plazo.<\/li>\n<li style=\"text-align: justify;\">Se define como la combinaci\u00f3n de la probabilidad de que se produzca un evento y sus consecuencias negativas, evento que puede ocasionar un da\u00f1o en un activo. El riesgo es la materializaci\u00f3n de una amenaza aprovechando la vulnerabilidad de un activo.<\/li>\n<li style=\"text-align: justify;\">Debilidad de un activo o un proceso t\u00e9cnico que puede ser explotada por una amenaza para materializar una agresi\u00f3n sobre dicho activo.<\/li>\n<li style=\"text-align: justify;\"><strong>Plataforma Transaccional:<\/strong> Tecnolog\u00eda integradora de entidades, canales y servicios para procesamiento de transacciones en la red conformada por empresas p\u00fablicas y privadas, redes transaccionales, instituciones p\u00fablicas\/gubernamentales, instituciones del sistema financiero, e instituciones del sistema popular y solidario.<\/li>\n<li style=\"text-align: justify;\"><strong>Infraestructura Tecnologica:<\/strong> Incluye el hardware, switch transaccional, sistemas, aplicaciones, equipos de comunicaciones, cajas de seguridad y el resto de componentes tecnol\u00f3gicos utilizados para el procesamiento masivo de transacciones y la prestaci\u00f3n de software como servicios.<\/li>\n<li style=\"text-align: justify;\"><strong>Servicios De Procesamiento:<\/strong> Env\u00edo y recepci\u00f3n de transacciones mediante la Plataforma Transaccional para la administraci\u00f3n en l\u00ednea de mensajer\u00eda transaccional, colas de mensajes, interfaces y estaciones de comunicaci\u00f3n para ruteo de transacciones entre entidades y canales integrados.<\/li>\n<li style=\"text-align: justify;\"><strong>Ruteo:<\/strong> Proceso de recibir una transacci\u00f3n de un canal, y enviarla a la entidad respectiva para su autorizaci\u00f3n.<\/li>\n<\/ol>\n<p>[\/vc_column_text][\/vc_column][\/vc_row][vc_row rt_row_background_width=\u00bbfullwidth\u00bb rt_row_content_width=\u00bbdefault\u00bb rt_row_style=\u00bbdefault-style\u00bb rt_row_height=\u00bb\u00bb rt_column_gaps=\u00bb\u00bb rt_row_shadows=\u00bb\u00bb rt_row_borders=\u00bb\u00bb rt_bg_effect=\u00bbclassic\u00bb rt_bg_image_repeat=\u00bbrepeat\u00bb rt_bg_size=\u00bbcover\u00bb rt_bg_position=\u00bbright top\u00bb rt_bg_attachment=\u00bbscroll\u00bb rt_bg_layer=\u00bb\u00bb rt_bg_video_format=\u00bbself-hosted\u00bb rt_class=\u00bbrt-3500015&#8243; rt_paddings=\u00bb0,0,,\u00bb rt_margins=\u00bb,,,\u00bb rt_content_margins=\u00bb,,,\u00bb rt_tablet_paddings=\u00bb,,,\u00bb rt_tablet_margins=\u00bb,,,\u00bb rt_tablet_content_margins=\u00bb,,,\u00bb rt_sp_paddings=\u00bb,,,\u00bb rt_sp_margins=\u00bb,,,\u00bb rt_sp_content_margins=\u00bb,,,\u00bb rt_bg_color=\u00bb#000000&#8243;][vc_column width=\u00bb1\/2&#8243; rt_bg_effect=\u00bbclassic\u00bb rt_bg_image_repeat=\u00bbrepeat\u00bb rt_bg_size=\u00bbauto auto\u00bb rt_bg_position=\u00bbright top\u00bb rt_bg_attachment=\u00bbscroll\u00bb css=\u00bb.vc_custom_1578595225744{margin-top: -6px !important;border-top-width: 6px !important;background-color: #282828 !important;border-top-color: #dd3333 !important;border-top-style: solid !important;}\u00bb rt_class=\u00bbrt-8622727&#8243; rt_margins=\u00bb,\u00bb rt_paddings=\u00bb,,,\u00bb rt_wrapper_paddings=\u00bb,,,\u00bb rt_tablet_margins=\u00bb,\u00bb rt_tablet_paddings=\u00bb,,,\u00bb rt_tablet_wrapper_paddings=\u00bb,,,\u00bb rt_sp_margins=\u00bb,\u00bb rt_sp_paddings=\u00bb,,,\u00bb rt_sp_wrapper_paddings=\u00bb,,,\u00bb rt_bg_color=\u00bb\u00bb rt_bg_overlay_color=\u00bb\u00bb][vc_column_text]<\/p>\n<p style=\"text-align: justify;\"><span style=\"color: #ffffff;\"><strong>REDPAGOS S.A<\/strong><strong>.<\/strong> empresa Auxiliar del Sistema Financiero Nacional\u00a0 y cuenta con las siguientes calificaciones:<\/span><\/p>\n<ul style=\"text-align: justify;\">\n<li><span style=\"color: #ffffff;\">La SUPERINTENDENCIA DE BANCOS DEL ECUADOR mediante Resoluci\u00f3n No. SB-IRG-DRTL-2018-182 del 11 de mayo del 2018, resuelve la calificaci\u00f3n como compa\u00f1\u00eda de servicios auxiliares de los sectores financieros p\u00fablico y privado, en el \u00e1rea de transaccionales y de pago.<\/span><\/li>\n<li><span style=\"color: #ffffff;\">La SUPERINTENDENCIA DE ECONOM\u00cdA POPULAR Y SOLIDARIA mediante Resoluci\u00f3n No. SEPS-ISF-DNAISF-2018-0107 de 13 de junio de 2018, resuelve la calificaci\u00f3n para que act\u00fae como compa\u00f1\u00eda de servicios auxiliares de TRANSACCIONALES Y DE PAGO del Sector Financiero Popular y Solidario.<\/span><\/li>\n<\/ul>\n<p style=\"text-align: justify;\"><span style=\"color: #ffffff;\">y autorizada su funcionamiento por:<\/span><\/p>\n<ul>\n<li style=\"text-align: justify;\"><span style=\"color: #ffffff;\">BANCO CENTRAL DEL ECUADOR mediante Resoluci\u00f3n administrativa: Nro. BCE-DNRO-2018-026, resuelve autorizar a la compa\u00f1\u00eda como Sistema Auxiliar de Pagos para operar en los servicios de \u201cRecaudador de Recursos Privados\u201d.<\/span><\/li>\n<\/ul>\n<p>[\/vc_column_text][\/vc_column][vc_column width=\u00bb1\/4&#8243; rt_bg_effect=\u00bbclassic\u00bb rt_bg_image_repeat=\u00bbrepeat\u00bb rt_bg_size=\u00bbauto auto\u00bb rt_bg_position=\u00bbright top\u00bb rt_bg_attachment=\u00bbscroll\u00bb rt_class=\u00bbrt-1842350&#8243; rt_margins=\u00bb,\u00bb rt_paddings=\u00bb,,80px,\u00bb rt_wrapper_paddings=\u00bb,,,\u00bb rt_tablet_margins=\u00bb,\u00bb rt_tablet_paddings=\u00bb,,,\u00bb rt_tablet_wrapper_paddings=\u00bb,,,\u00bb rt_sp_margins=\u00bb,\u00bb rt_sp_paddings=\u00bb,,,\u00bb rt_sp_wrapper_paddings=\u00bb,,,\u00bb rt_bg_color=\u00bb\u00bb rt_bg_overlay_color=\u00bb\u00bb][vc_raw_html]JTNDZGl2JTIwY2xhc3MlM0QlMjJjb2x1bW4taW5uZXIlMjIlM0UlMEElMDklM0NkaXYlMjBpZCUzRCUyMnNvY2lhbF9tZWRpYV9pY29ucy0xJTIyJTIwY2xhc3MlM0QlMjJmb290ZXJfd2lkZ2V0JTIwd2lkZ2V0JTIwd2lkZ2V0X3NvY2lhbF9tZWRpYV9pY29ucyUyMiUzRSUwQSUwOSUwOSUzQ2g1JTNFJTNDc3BhbiUyMHN0eWxlJTNEJTIyY29sb3IlM0ElMjAlMjNmZmZmZmYlM0IlMjIlM0VTJUMzJUFEZ3Vlbm9zJTIwZW4lM0ElM0MlMkZzcGFuJTNFJTNDJTJGaDUlM0UlMEElMDklMDklM0NkaXYlMjBjbGFzcyUzRCUyMmJ1c2luZXNzbG91bmdlLXNvY2lhbC1tZWRpYS13aWRnZXQlMjIlM0UlMEElMDklMDklMDklM0N1bCUyMGNsYXNzJTNEJTIyc29jaWFsX21lZGlhJTIwbXVsdGlsaW5lLWxpc3QlMjIlM0UlMEElMDklMDklMDklMDklM0NsaSUyMGNsYXNzJTNEJTIydHdpdHRlciUyMiUzRSUzQ2ElMjBzdHlsZSUzRCUyMmNvbG9yJTNBJTIwJTIzZmZmZmZmJTNCJTIyJTIwY2xhc3MlM0QlMjJ1aS1pY29uLXR3aXR0ZXIlMjIlMjB0YXJnZXQlM0QlMjJfYmxhbmslMjIlMjBocmVmJTNEJTIyJTIzJTIyJTIwdGl0bGUlM0QlMjJUd2l0dGVyJTIyJTNFVHdpdHRlciUzQyUyRmElM0UlM0MlMkZsaSUzRSUwQSUwOSUwOSUwOSUwOSUzQ2xpJTIwY2xhc3MlM0QlMjJmYWNlYm9vayUyMiUzRSUzQ2ElMjBzdHlsZSUzRCUyMmNvbG9yJTNBJTIwJTIzZmZmZmZmJTNCJTIyJTIwY2xhc3MlM0QlMjJ1aS1pY29uLWZhY2Vib29rJTIyJTIwdGFyZ2V0JTNEJTIyX2JsYW5rJTIyJTIwaHJlZiUzRCUyMiUyMyUyMiUyMHRpdGxlJTNEJTIyRmFjZWJvb2slMjIlM0VGYWNlYm9vayUzQyUyRmElM0UlM0MlMkZsaSUzRSUwQSUwOSUwOSUwOSUwOSUzQ2xpJTIwY2xhc3MlM0QlMjJ3aGF0c2FwcCUyMiUzRSUzQ2ElMjBzdHlsZSUzRCUyMmNvbG9yJTNBJTIwJTIzZmZmZmZmJTNCJTIyJTIwY2xhc3MlM0QlMjJ1aS1pY29uLXdoYXRzYXBwJTIyJTIwdGFyZ2V0JTNEJTIyX3NlbGYlMjIlMjBocmVmJTNEJTIyaHR0cHMlM0ElMkYlMkZhcGkud2hhdHNhcHAuY29tJTJGc2VuZCUzRnBob25lJTNENTkzOTg4NDM1NzgwJTIyJTIwdGl0bGUlM0QlMjJXaGF0c0FwcCUyMiUzRVdoYXRzYXBwJTNDJTJGYSUzRSUzQyUyRmxpJTNFJTBBJTA5JTA5JTA5JTNDJTJGdWwlM0UlMEElMDklMDklM0MlMkZkaXYlM0UlMEElMDklM0MlMkZkaXYlM0UlMEElM0MlMkZkaXYlM0UlMEElMDk=[\/vc_raw_html][\/vc_column][vc_column width=\u00bb1\/4&#8243; rt_bg_effect=\u00bbclassic\u00bb rt_bg_image_repeat=\u00bbrepeat\u00bb rt_bg_size=\u00bbauto auto\u00bb rt_bg_position=\u00bbright top\u00bb rt_bg_attachment=\u00bbscroll\u00bb][vc_column_text]<\/p>\n<div class=\"textwidget\">\n<h5><span style=\"color: #ffffff;\">EDUCACI\u00d3N FINANCIERA<\/span><\/h5>\n<h5><span style=\"color: #ffffff;\"><strong>DEFINICIONES<\/strong><\/span><\/h5>\n<p><span style=\"color: #ffffff;\">Para el adecuado entendimiento e interpretaci\u00f3n del contenido de esta P\u00e1gina Web, se adoptan las siguientes definiciones:<\/span><\/p>\n<ul>\n<li><span style=\"color: #ffffff;\"><a style=\"color: #ffffff;\" href=\"https:\/\/www.redpagos.ec\/redpago\/glosario-operativo\/\"><strong>GLOSARIO OPERATIVO<\/strong><\/a><\/span><\/li>\n<li><span style=\"color: #ffffff;\"><a style=\"color: #ffffff;\" href=\"https:\/\/www.redpagos.ec\/redpago\/glosario-tecnico\/\"><strong>GLOSARIO T\u00c9CNICO<\/strong><\/a><\/span><\/li>\n<\/ul>\n<\/div>\n<p>[\/vc_column_text][\/vc_column][\/vc_row]<\/p>\n","protected":false},"excerpt":{"rendered":"<p>[vc_row rt_row_background_width=\u00bbfullwidth\u00bb rt_row_content_width=\u00bbdefault\u00bb rt_row_style=\u00bbdefault-style\u00bb rt_row_height=\u00bb\u00bb rt_column_gaps=\u00bb\u00bb rt_row_shadows=\u00bb\u00bb rt_row_borders=\u00bb\u00bb rt_bg_effect=\u00bbclassic\u00bb rt_bg_image_repeat=\u00bbrepeat\u00bb rt_bg_size=\u00bbcover\u00bb rt_bg_position=\u00bbright top\u00bb rt_bg_attachment=\u00bbscroll\u00bb rt_bg_layer=\u00bb\u00bb rt_bg_video_format=\u00bbself-hosted\u00bb][vc_column rt_bg_effect=\u00bbclassic\u00bb rt_bg_image_repeat=\u00bbrepeat\u00bb rt_bg_size=\u00bbauto auto\u00bb rt_bg_position=\u00bbright top\u00bb rt_bg_attachment=\u00bbscroll\u00bb][vc_column_text] Back-up. Copia de seguridad de uno o m\u00e1s archivos inform\u00e1ticos que se hace, generalmente, para prevenir posibles p\u00e9rdidas de informaci\u00f3n. Plan de Continuidad del Negocio. Es un plan para ayudar a asegurar [&hellip;]<\/p>\n","protected":false},"author":1,"featured_media":0,"parent":0,"menu_order":0,"comment_status":"closed","ping_status":"closed","template":"","meta":[],"_links":{"self":[{"href":"https:\/\/www.redpagos.ec\/redpago\/wp-json\/wp\/v2\/pages\/4867"}],"collection":[{"href":"https:\/\/www.redpagos.ec\/redpago\/wp-json\/wp\/v2\/pages"}],"about":[{"href":"https:\/\/www.redpagos.ec\/redpago\/wp-json\/wp\/v2\/types\/page"}],"author":[{"embeddable":true,"href":"https:\/\/www.redpagos.ec\/redpago\/wp-json\/wp\/v2\/users\/1"}],"replies":[{"embeddable":true,"href":"https:\/\/www.redpagos.ec\/redpago\/wp-json\/wp\/v2\/comments?post=4867"}],"version-history":[{"count":5,"href":"https:\/\/www.redpagos.ec\/redpago\/wp-json\/wp\/v2\/pages\/4867\/revisions"}],"predecessor-version":[{"id":4977,"href":"https:\/\/www.redpagos.ec\/redpago\/wp-json\/wp\/v2\/pages\/4867\/revisions\/4977"}],"wp:attachment":[{"href":"https:\/\/www.redpagos.ec\/redpago\/wp-json\/wp\/v2\/media?parent=4867"}],"curies":[{"name":"wp","href":"https:\/\/api.w.org\/{rel}","templated":true}]}}