{"id":4168,"date":"2017-07-02T02:37:11","date_gmt":"2017-07-02T02:37:11","guid":{"rendered":"http:\/\/businesslounge-demo.rtthemes.com\/?page_id=4168"},"modified":"2020-01-15T19:53:55","modified_gmt":"2020-01-15T19:53:55","slug":"about-us","status":"publish","type":"page","link":"https:\/\/www.redpagos.ec\/redpago\/about-us\/","title":{"rendered":"Empresas Estrat\u00e9gicas"},"content":{"rendered":"<p>[vc_row rt_row_background_width=\u00bbfullwidth\u00bb rt_row_content_width=\u00bbdefault\u00bb rt_row_style=\u00bbdefault-style\u00bb rt_row_height=\u00bb\u00bb rt_column_gaps=\u00bb\u00bb rt_row_shadows=\u00bb\u00bb rt_row_borders=\u00bb\u00bb rt_bg_effect=\u00bbclassic\u00bb rt_bg_image_repeat=\u00bbrepeat\u00bb rt_bg_size=\u00bbcover\u00bb rt_bg_position=\u00bbright top\u00bb rt_bg_attachment=\u00bbscroll\u00bb rt_bg_layer=\u00bb\u00bb rt_bg_video_format=\u00bbself-hosted\u00bb][vc_column rt_bg_effect=\u00bbclassic\u00bb rt_bg_image_repeat=\u00bbrepeat\u00bb rt_bg_size=\u00bbauto auto\u00bb rt_bg_position=\u00bbright top\u00bb rt_bg_attachment=\u00bbscroll\u00bb]\r\n\t\t\t\t<div id=\"image-carousel-424940\" class=\"rt-carousel carousel-holder clearfix rt-image-carousel  rt_lightbox_gallery\" data-item-width=\"4\" data-nav=\"true\" data-dots=\"false\" data-margin=\"0\" data-autoplay=\"false\" data-timeout=\"5000\" data-thumbnails=\"false\" data-boxed=\"false\" data-min-height=\"\" data-padding=\"0\" data-loop=\"true\" data-tablet-item-width=\"4\" data-mobile-item-width=\"2\">\r\n\t\t\t\t\t<div class=\"owl-carousel\">\r\n\t\t\t\t\t\t<div><a href=\"https:\/\/mifex.ec\/\" title=\"proyecto003\" target=\"_blank\" class=\"imgeffect link\"><img src=\"https:\/\/www.redpagos.ec\/redpago\/wp-content\/uploads\/2019\/03\/proyecto003-180x120.png\" width=\"180\" height=\"120\" alt=\"\" srcset=\"https:\/\/www.redpagos.ec\/redpago\/wp-content\/uploads\/2019\/03\/proyecto003.png 1.3x\"><\/a><\/div><div><a href=\"https:\/\/www.megaredcorp.com\/Ecuador\/\" title=\"proyecto002\" target=\"_blank\" class=\"imgeffect link\"><img src=\"https:\/\/www.redpagos.ec\/redpago\/wp-content\/uploads\/2019\/03\/proyecto002-180x120.png\" width=\"180\" height=\"120\" alt=\"\" srcset=\"https:\/\/www.redpagos.ec\/redpago\/wp-content\/uploads\/2019\/03\/proyecto002.png 1.3x\"><\/a><\/div><div><a href=\"#\" title=\"proyecto004\" target=\"_blank\" class=\"imgeffect link\"><img src=\"https:\/\/www.redpagos.ec\/redpago\/wp-content\/uploads\/2019\/03\/proyecto004-180x120.png\" width=\"180\" height=\"120\" alt=\"\" srcset=\"https:\/\/www.redpagos.ec\/redpago\/wp-content\/uploads\/2019\/03\/proyecto004.png 1.3x\"><\/a><\/div><div><a href=\"https:\/\/www.sunpass.ec\/\" title=\"proyecto007\" target=\"_blank\" class=\"imgeffect link\"><img src=\"https:\/\/www.redpagos.ec\/redpago\/wp-content\/uploads\/2019\/03\/proyecto007-180x120.png\" width=\"180\" height=\"120\" alt=\"\" srcset=\"https:\/\/www.redpagos.ec\/redpago\/wp-content\/uploads\/2019\/03\/proyecto007.png 1.3x\"><\/a><\/div>\r\n\t\t\t\t\t<\/div>\r\n\t\t\t\t\t\r\n\t\t\t\t\t\r\n\t\t\t\t<\/div>\r\n\t\t\t[\/vc_column][\/vc_row][vc_row rt_row_background_width=\u00bbfullwidth\u00bb rt_row_content_width=\u00bbdefault\u00bb rt_row_style=\u00bbdefault-style\u00bb rt_row_height=\u00bb\u00bb rt_column_gaps=\u00bb\u00bb rt_row_shadows=\u00bb\u00bb rt_row_borders=\u00bb\u00bb rt_bg_effect=\u00bbclassic\u00bb rt_bg_image_repeat=\u00bbrepeat\u00bb rt_bg_size=\u00bbcover\u00bb rt_bg_position=\u00bbright top\u00bb rt_bg_attachment=\u00bbscroll\u00bb rt_bg_layer=\u00bb\u00bb rt_bg_video_format=\u00bbself-hosted\u00bb rt_class=\u00bbrt-9819824&#8243; rt_paddings=\u00bb40,40,,\u00bb rt_margins=\u00bb,,,\u00bb rt_content_margins=\u00bb,,,\u00bb rt_tablet_paddings=\u00bb,,,\u00bb rt_tablet_margins=\u00bb,,,\u00bb rt_tablet_content_margins=\u00bb,,,\u00bb rt_sp_paddings=\u00bb,,,\u00bb rt_sp_margins=\u00bb,,,\u00bb rt_sp_content_margins=\u00bb,,,\u00bb][vc_column rt_bg_effect=\u00bbclassic\u00bb rt_bg_image_repeat=\u00bbrepeat\u00bb rt_bg_size=\u00bbauto auto\u00bb rt_bg_position=\u00bbright top\u00bb rt_bg_attachment=\u00bbscroll\u00bb rt_col_paddings=\u00bbtrue\u00bb rt_wrp_col_paddings=\u00bbfalse\u00bb rt_class=\u00bbrt-7314671&#8243; rt_margins=\u00bb,\u00bb rt_paddings=\u00bb40px,40px,,\u00bb rt_wrapper_paddings=\u00bb,,,\u00bb rt_tablet_margins=\u00bb,\u00bb rt_tablet_paddings=\u00bb,,,\u00bb rt_tablet_wrapper_paddings=\u00bb,,,\u00bb rt_sp_margins=\u00bb,\u00bb rt_sp_paddings=\u00bb,,,\u00bb rt_sp_wrapper_paddings=\u00bb,,,\u00bb rt_bg_color=\u00bb\u00bb rt_bg_overlay_color=\u00bb\u00bb][vc_column_text]<\/p>\n<p style=\"text-align: justify;\"><strong><span style=\"color: #ff0000;\">RED<\/span>PAGOS S.A<\/strong> es una empresa privada y legalmente creada bajo las leyes de la Superintendencia de Compa\u00f1\u00edas, la cual se encuentra calificada y autorizado su funcionamiento mediante las siguientes resoluciones:<\/p>\n<p style=\"text-align: justify;\"><img loading=\"lazy\" class=\"alignleft wp-image-4724\" src=\"https:\/\/www.redpagos.ec\/redpago\/wp-content\/uploads\/2019\/12\/SIB.jpg\" alt=\"\" width=\"250\" height=\"106\" srcset=\"https:\/\/www.redpagos.ec\/redpago\/wp-content\/uploads\/2019\/12\/SIB.jpg 341w, https:\/\/www.redpagos.ec\/redpago\/wp-content\/uploads\/2019\/12\/SIB-300x128.jpg 300w, https:\/\/www.redpagos.ec\/redpago\/wp-content\/uploads\/2019\/12\/SIB-170x72.jpg 170w\" sizes=\"(max-width: 250px) 100vw, 250px\" \/>1. La SUPERINTENDENCIA DE BANCOS DEL ECUADOR mediante Resoluci\u00f3n No. SB-IRG-DRTL-2018-182 del 11 de mayo del 2018, resuelve la calificaci\u00f3n como compa\u00f1\u00eda de servicios auxiliares de los sectores financieros p\u00fablico y privado, en el \u00e1rea de transaccionales y de pago.<\/p>\n<p>[\/vc_column_text][vc_separator style=\u00bbstyle-2&#8243; color_type=\u00bbprimary\u00bb rt_class=\u00bbrt-1636637&#8243; margins=\u00bb40px,,,\u00bb height=\u00bb1px\u00bb width=\u00bb80%\u00bb][vc_column_text]<\/p>\n<p style=\"text-align: justify;\"><img loading=\"lazy\" class=\"alignleft wp-image-4728\" src=\"https:\/\/www.redpagos.ec\/redpago\/wp-content\/uploads\/2019\/12\/SEP2.jpg\" alt=\"\" width=\"250\" height=\"106\" srcset=\"https:\/\/www.redpagos.ec\/redpago\/wp-content\/uploads\/2019\/12\/SEP2.jpg 341w, https:\/\/www.redpagos.ec\/redpago\/wp-content\/uploads\/2019\/12\/SEP2-300x128.jpg 300w, https:\/\/www.redpagos.ec\/redpago\/wp-content\/uploads\/2019\/12\/SEP2-170x72.jpg 170w\" sizes=\"(max-width: 250px) 100vw, 250px\" \/>2. La SUPERINTENDENCIA DE ECONOM\u00cdA POPULAR Y SOLIDARIA mediante Resoluci\u00f3n No. SEPS-ISF-DNAISF-2018-0107 de 13 de junio de 2018, resuelve la calificaci\u00f3n para que act\u00fae como compa\u00f1\u00eda de servicios auxiliares de TRANSACCIONALES Y DE PAGO del Sector Financiero Popular y Solidario.<\/p>\n<p>[\/vc_column_text][vc_separator style=\u00bbstyle-2&#8243; color_type=\u00bbprimary\u00bb rt_class=\u00bbrt-1636637&#8243; margins=\u00bb40px,,,\u00bb height=\u00bb1px\u00bb width=\u00bb80%\u00bb][vc_column_text]<\/p>\n<p style=\"text-align: justify;\"><img loading=\"lazy\" class=\"alignleft wp-image-4736\" src=\"https:\/\/www.redpagos.ec\/redpago\/wp-content\/uploads\/2019\/12\/BCE.jpg\" alt=\"\" width=\"250\" height=\"106\" srcset=\"https:\/\/www.redpagos.ec\/redpago\/wp-content\/uploads\/2019\/12\/BCE.jpg 341w, https:\/\/www.redpagos.ec\/redpago\/wp-content\/uploads\/2019\/12\/BCE-300x128.jpg 300w, https:\/\/www.redpagos.ec\/redpago\/wp-content\/uploads\/2019\/12\/BCE-170x72.jpg 170w\" sizes=\"(max-width: 250px) 100vw, 250px\" \/>3. BANCO CENTRAL DEL ECUADOR mediante Resoluci\u00f3n administrativa: Nro. BCE-DNRO-2018-026, resuelve autorizar a la compa\u00f1\u00eda como Sistema Auxiliar de Pagos para operar en los servicios de \u201cRecaudador de Recursos Privados\u201d.<\/p>\n<p>[\/vc_column_text][vc_separator style=\u00bbstyle-2&#8243; color_type=\u00bbprimary\u00bb rt_class=\u00bbrt-4347127&#8243; margins=\u00bb40px,30px,,\u00bb height=\u00bb1px\u00bb width=\u00bb80%\u00bb][vc_column_text]<\/p>\n<p style=\"text-align: justify;\">4. De conformidad con lo dispuesto en el art\u00edculo 109 del C\u00f3digo Org\u00e1nico Monetario y Financiero y el art\u00edculo 10 del Cap\u00edtulo III de la Resoluci\u00f3n Administrativa Nro BCE-058-2018 de 27 de marzo de 2018, REDPAGOS S.A., se encuentra sujeto a la supervisi\u00f3n y vigilancia como Sistema Auxiliar de Pagos por parte del Banco Central del Ecuador.<\/p>\n<p>[\/vc_column_text][\/vc_column][\/vc_row][vc_row rt_row_background_width=\u00bbfullwidth\u00bb rt_row_content_width=\u00bbdefault\u00bb rt_row_style=\u00bbdefault-style\u00bb rt_row_height=\u00bb\u00bb rt_column_placement=\u00bbmiddle\u00bb rt_column_gaps=\u00bb\u00bb rt_row_shadows=\u00bb\u00bb rt_row_borders=\u00bb\u00bb rt_bg_effect=\u00bbclassic\u00bb rt_bg_image_repeat=\u00bbrepeat\u00bb rt_bg_size=\u00bbcover\u00bb rt_bg_position=\u00bbright top\u00bb rt_bg_attachment=\u00bbscroll\u00bb rt_bg_layer=\u00bb\u00bb rt_bg_video_format=\u00bbself-hosted\u00bb rt_row_paddings=\u00bbtrue\u00bb rt_padding_top=\u00bb80&#8243; rt_padding_bottom=\u00bb80&#8243; rt_class=\u00bbrt-8902863&#8243; rt_paddings=\u00bb,,,\u00bb rt_margins=\u00bb,,,\u00bb rt_content_margins=\u00bb,,,\u00bb rt_tablet_paddings=\u00bb,,,\u00bb rt_tablet_margins=\u00bb,,,\u00bb rt_tablet_content_margins=\u00bb,,,\u00bb rt_sp_paddings=\u00bb,,,\u00bb rt_sp_margins=\u00bb,,,\u00bb rt_sp_content_margins=\u00bb,,,\u00bb rt_bg_color=\u00bb#f4f4f4&#8243;][vc_column rt_bg_effect=\u00bbclassic\u00bb rt_bg_image_repeat=\u00bbrepeat\u00bb rt_bg_size=\u00bbauto auto\u00bb rt_bg_position=\u00bbright top\u00bb rt_bg_attachment=\u00bbscroll\u00bb rt_col_paddings=\u00bbtrue\u00bb rt_wrp_col_paddings=\u00bbfalse\u00bb rt_class=\u00bbrt-4296896&#8243; rt_margins=\u00bb,\u00bb rt_paddings=\u00bb80,,15%,15%\u00bb rt_wrapper_paddings=\u00bb,,,\u00bb rt_tablet_margins=\u00bb,\u00bb rt_tablet_paddings=\u00bb,,20px,20px\u00bb rt_tablet_wrapper_paddings=\u00bb,,,\u00bb rt_sp_margins=\u00bb,\u00bb rt_sp_paddings=\u00bb,,20px,20px\u00bb rt_sp_wrapper_paddings=\u00bb,,,\u00bb rt_bg_color=\u00bb\u00bb rt_bg_overlay_color=\u00bb\u00bb]<div class=\"rt-heading-wrapper text-center mobile-text-center rt-2484426\">\n\t\t\t\t\t\t<span class=\"punchline\">Conoce a nuestros<\/span><h4 class=\"rt-heading with_punchline\" >FUNDADORES DE REDPAGOS<\/h4>\n\t\t\t\t\t<\/div>[vc_separator style=\u00bbstyle-3&#8243; color_type=\u00bbprimary\u00bb rt_class=\u00bbrt-3818812&#8243; margins=\u00bb,10px,,\u00bb][\/vc_column][\/vc_row][vc_row rt_row_background_width=\u00bbfullwidth\u00bb rt_row_content_width=\u00bbdefault\u00bb rt_row_style=\u00bbdefault-style\u00bb rt_row_height=\u00bb\u00bb rt_column_placement=\u00bbmiddle\u00bb rt_column_gaps=\u00bb\u00bb rt_row_shadows=\u00bb\u00bb rt_row_borders=\u00bb\u00bb rt_bg_effect=\u00bbclassic\u00bb rt_bg_image_repeat=\u00bbrepeat\u00bb rt_bg_size=\u00bbcover\u00bb rt_bg_position=\u00bbright top\u00bb rt_bg_attachment=\u00bbscroll\u00bb rt_bg_layer=\u00bb\u00bb rt_bg_video_format=\u00bbself-hosted\u00bb rt_row_paddings=\u00bbtrue\u00bb rt_padding_top=\u00bb80&#8243; rt_padding_bottom=\u00bb80&#8243; rt_class=\u00bbrt-3928681&#8243; rt_paddings=\u00bb,,,\u00bb rt_margins=\u00bb,,,\u00bb rt_content_margins=\u00bb,,,\u00bb rt_tablet_paddings=\u00bb,,,\u00bb rt_tablet_margins=\u00bb,,,\u00bb rt_tablet_content_margins=\u00bb,,,\u00bb rt_sp_paddings=\u00bb,,,\u00bb rt_sp_margins=\u00bb,,,\u00bb rt_sp_content_margins=\u00bb,,,\u00bb rt_bg_color=\u00bb#f4f4f4&#8243;][vc_column rt_bg_effect=\u00bbclassic\u00bb rt_bg_image_repeat=\u00bbrepeat\u00bb rt_bg_size=\u00bbauto auto\u00bb rt_bg_position=\u00bbright top\u00bb rt_bg_attachment=\u00bbscroll\u00bb rt_col_paddings=\u00bbtrue\u00bb rt_wrp_col_paddings=\u00bbfalse\u00bb rt_class=\u00bbrt-5604179&#8243; rt_margins=\u00bb,\u00bb rt_paddings=\u00bb40px,40px,,\u00bb rt_wrapper_paddings=\u00bb,,,\u00bb rt_tablet_margins=\u00bb,\u00bb rt_tablet_paddings=\u00bb,,,\u00bb rt_tablet_wrapper_paddings=\u00bb,,,\u00bb rt_sp_margins=\u00bb,\u00bb rt_sp_paddings=\u00bb,,,\u00bb rt_sp_wrapper_paddings=\u00bb,,,\u00bb rt_bg_color=\u00bb\u00bb rt_bg_overlay_color=\u00bb\u00bb]<section id=\"staff-691850\" class=\"team clearfix fixed_heights rt-flex-wrapper \"><div class=\"row clearfix\"><div class=\"col col-sm-6\">\n<div id=\"1872\" class=\"loop boxed col-sm-6 post-1872 staff type-staff status-publish hentry\">\n\n\n\t\n\t<div class=\"person_data\">\n\n\t\t\t\t\t<h5 class=\"person_name\"><a href=\"https:\/\/www.redpagos.ec\/redpago\/team\/amanda-richards\/\">Esther V\u00e1squez<\/a><\/h5>\n\t\t\n\t\t\t\t\t<span class=\"position\">Economista<\/span>\n\t\t\n\t\t\t\t<div class=\"profile\">\n\t\t\tGraduada en la Universidad de Guayaquil y recibi\u00f3 un MBA en la Universidad T\u00e9cnica Federico Santa Mar\u00eda de Chile\t\t<\/div> \n\t\t\n\t\t<div class=\"person_links_wrapper\"><ul class=\"social_media\"><li class=\"mail\"><a class=\"ui-icon-mail\" target=\"_self\" href=\"#\" title=\"Email\"><span>Send Email<\/span><\/a><\/li><li class=\"facebook\"><a class=\"ui-icon-facebook\" target=\"_blank\" href=\"#\" title=\"Facebook\"><span>Facebook<\/span><\/a><\/li><li class=\"linkedin\"><a class=\"ui-icon-linkedin\" target=\"_blank\" href=\"#\" title=\"Linkedin\"><span>Follow on Linkedin<\/span><\/a><\/li><li class=\"instagram\"><a class=\"ui-icon-instagram\" target=\"_blank\" href=\"#\" title=\"Instagram\"><span>Instagram<\/span><\/a><\/li><li class=\"whatsapp\"><a class=\"ui-icon-whatsapp\" target=\"_blank\" href=\"#\" title=\"WhatsApp\"><span>Whatsapp<\/span><\/a><\/li><\/ul><\/div>\t\n\t<\/div> \n\t\n\t\t\t<\/div>\n<\/div>\n<div class=\"col col-sm-6\">\n<div id=\"1870\" class=\"loop boxed col-sm-6 post-1870 staff type-staff status-publish hentry\">\n\n\n\t\n\t<div class=\"person_data\">\n\n\t\t\t\t\t<h5 class=\"person_name\"><a href=\"https:\/\/www.redpagos.ec\/redpago\/team\/donna-doe\/\">Luis Crespo<\/a><\/h5>\n\t\t\n\t\t\t\t\t<span class=\"position\">Ingeniero Comercial<\/span>\n\t\t\n\t\t\t\t<div class=\"profile\">\n\t\t\tGraduado en la Universidad de Guayaquil, cuenta con un diplomado en alta gerencia en el INCAE y un MBA de la Universidad T\u00e9cnica Federico Santa Mar\u00eda de Chile\t\t<\/div> \n\t\t\n\t\t<div class=\"person_links_wrapper\"><ul class=\"social_media\"><li class=\"mail\"><a class=\"ui-icon-mail\" target=\"_self\" href=\"#\" title=\"Email\"><span>Send Email<\/span><\/a><\/li><li class=\"facebook\"><a class=\"ui-icon-facebook\" target=\"_blank\" href=\"#\" title=\"Facebook\"><span>Follow on Facebook<\/span><\/a><\/li><li class=\"linkedin\"><a class=\"ui-icon-linkedin\" target=\"_blank\" href=\"#\" title=\"Linkedin\"><span>Follow on Linkedin<\/span><\/a><\/li><li class=\"instagram\"><a class=\"ui-icon-instagram\" target=\"_blank\" href=\"#\" title=\"Instagram\"><span>Instagram<\/span><\/a><\/li><li class=\"whatsapp\"><a class=\"ui-icon-whatsapp\" target=\"_blank\" href=\"#\" title=\"WhatsApp\"><span>Whatsapp<\/span><\/a><\/li><\/ul><\/div>\t\n\t<\/div> \n\t\n\t\t\t<\/div>\n<\/div>\n<\/div><\/section>[\/vc_column][\/vc_row][vc_row rt_row_background_width=\u00bbfullwidth\u00bb rt_row_content_width=\u00bbdefault\u00bb rt_row_style=\u00bbdefault-style\u00bb rt_row_height=\u00bb\u00bb rt_column_gaps=\u00bb\u00bb rt_row_shadows=\u00bb\u00bb rt_row_borders=\u00bb\u00bb rt_bg_effect=\u00bbclassic\u00bb rt_bg_image_repeat=\u00bbrepeat\u00bb rt_bg_size=\u00bbcover\u00bb rt_bg_position=\u00bbright top\u00bb rt_bg_attachment=\u00bbscroll\u00bb rt_bg_layer=\u00bb\u00bb rt_bg_video_format=\u00bbself-hosted\u00bb rt_class=\u00bbrt-3137469&#8243; rt_paddings=\u00bb0,0,,\u00bb rt_margins=\u00bb,,,\u00bb rt_content_margins=\u00bb,,,\u00bb rt_tablet_paddings=\u00bb,,,\u00bb rt_tablet_margins=\u00bb,,,\u00bb rt_tablet_content_margins=\u00bb,,,\u00bb rt_sp_paddings=\u00bb,,,\u00bb rt_sp_margins=\u00bb,,,\u00bb rt_sp_content_margins=\u00bb,,,\u00bb rt_bg_color=\u00bb#000000&#8243;][vc_column width=\u00bb1\/2&#8243; rt_bg_effect=\u00bbclassic\u00bb rt_bg_image_repeat=\u00bbrepeat\u00bb rt_bg_size=\u00bbauto auto\u00bb rt_bg_position=\u00bbright top\u00bb rt_bg_attachment=\u00bbscroll\u00bb css=\u00bb.vc_custom_1578595225744{margin-top: -6px !important;border-top-width: 6px !important;background-color: #282828 !important;border-top-color: #dd3333 !important;border-top-style: solid !important;}\u00bb rt_class=\u00bbrt-8622727&#8243; rt_margins=\u00bb,\u00bb rt_paddings=\u00bb,,,\u00bb rt_wrapper_paddings=\u00bb,,,\u00bb rt_tablet_margins=\u00bb,\u00bb rt_tablet_paddings=\u00bb,,,\u00bb rt_tablet_wrapper_paddings=\u00bb,,,\u00bb rt_sp_margins=\u00bb,\u00bb rt_sp_paddings=\u00bb,,,\u00bb rt_sp_wrapper_paddings=\u00bb,,,\u00bb rt_bg_color=\u00bb\u00bb rt_bg_overlay_color=\u00bb\u00bb][vc_column_text]<\/p>\n<p style=\"text-align: justify;\"><span style=\"color: #ffffff;\"><strong>REDPAGOS S.A<\/strong><strong>.<\/strong> empresa Auxiliar del Sistema Financiero Nacional\u00a0 y cuenta con las siguientes calificaciones:<\/span><\/p>\n<ul style=\"text-align: justify;\">\n<li><span style=\"color: #ffffff;\">La SUPERINTENDENCIA DE BANCOS DEL ECUADOR mediante Resoluci\u00f3n No. SB-IRG-DRTL-2018-182 del 11 de mayo del 2018, resuelve la calificaci\u00f3n como compa\u00f1\u00eda de servicios auxiliares de los sectores financieros p\u00fablico y privado, en el \u00e1rea de transaccionales y de pago.<\/span><\/li>\n<li><span style=\"color: #ffffff;\">La SUPERINTENDENCIA DE ECONOM\u00cdA POPULAR Y SOLIDARIA mediante Resoluci\u00f3n No. SEPS-ISF-DNAISF-2018-0107 de 13 de junio de 2018, resuelve la calificaci\u00f3n para que act\u00fae como compa\u00f1\u00eda de servicios auxiliares de TRANSACCIONALES Y DE PAGO del Sector Financiero Popular y Solidario.<\/span><\/li>\n<\/ul>\n<p style=\"text-align: justify;\"><span style=\"color: #ffffff;\">y autorizada su funcionamiento por:<\/span><\/p>\n<ul>\n<li style=\"text-align: justify;\"><span style=\"color: #ffffff;\">BANCO CENTRAL DEL ECUADOR mediante Resoluci\u00f3n administrativa: Nro. BCE-DNRO-2018-026, resuelve autorizar a la compa\u00f1\u00eda como Sistema Auxiliar de Pagos para operar en los servicios de \u201cRecaudador de Recursos Privados\u201d.<\/span><\/li>\n<\/ul>\n<p>[\/vc_column_text][\/vc_column][vc_column width=\u00bb1\/4&#8243; rt_bg_effect=\u00bbclassic\u00bb rt_bg_image_repeat=\u00bbrepeat\u00bb rt_bg_size=\u00bbauto auto\u00bb rt_bg_position=\u00bbright top\u00bb rt_bg_attachment=\u00bbscroll\u00bb rt_class=\u00bbrt-1842350&#8243; rt_margins=\u00bb,\u00bb rt_paddings=\u00bb,,80px,\u00bb rt_wrapper_paddings=\u00bb,,,\u00bb rt_tablet_margins=\u00bb,\u00bb rt_tablet_paddings=\u00bb,,,\u00bb rt_tablet_wrapper_paddings=\u00bb,,,\u00bb rt_sp_margins=\u00bb,\u00bb rt_sp_paddings=\u00bb,,,\u00bb rt_sp_wrapper_paddings=\u00bb,,,\u00bb rt_bg_color=\u00bb\u00bb rt_bg_overlay_color=\u00bb\u00bb][vc_raw_html]JTNDZGl2JTIwY2xhc3MlM0QlMjJjb2x1bW4taW5uZXIlMjIlM0UlMEElMDklM0NkaXYlMjBpZCUzRCUyMnNvY2lhbF9tZWRpYV9pY29ucy0xJTIyJTIwY2xhc3MlM0QlMjJmb290ZXJfd2lkZ2V0JTIwd2lkZ2V0JTIwd2lkZ2V0X3NvY2lhbF9tZWRpYV9pY29ucyUyMiUzRSUwQSUwOSUwOSUzQ2g1JTNFJTNDc3BhbiUyMHN0eWxlJTNEJTIyY29sb3IlM0ElMjAlMjNmZmZmZmYlM0IlMjIlM0VTJUMzJUFEZ3Vlbm9zJTIwZW4lM0ElM0MlMkZzcGFuJTNFJTNDJTJGaDUlM0UlMEElMDklMDklM0NkaXYlMjBjbGFzcyUzRCUyMmJ1c2luZXNzbG91bmdlLXNvY2lhbC1tZWRpYS13aWRnZXQlMjIlM0UlMEElMDklMDklMDklM0N1bCUyMGNsYXNzJTNEJTIyc29jaWFsX21lZGlhJTIwbXVsdGlsaW5lLWxpc3QlMjIlM0UlMEElMDklMDklMDklMDklM0NsaSUyMGNsYXNzJTNEJTIydHdpdHRlciUyMiUzRSUzQ2ElMjBzdHlsZSUzRCUyMmNvbG9yJTNBJTIwJTIzZmZmZmZmJTNCJTIyJTIwY2xhc3MlM0QlMjJ1aS1pY29uLXR3aXR0ZXIlMjIlMjB0YXJnZXQlM0QlMjJfYmxhbmslMjIlMjBocmVmJTNEJTIyJTIzJTIyJTIwdGl0bGUlM0QlMjJUd2l0dGVyJTIyJTNFVHdpdHRlciUzQyUyRmElM0UlM0MlMkZsaSUzRSUwQSUwOSUwOSUwOSUwOSUzQ2xpJTIwY2xhc3MlM0QlMjJmYWNlYm9vayUyMiUzRSUzQ2ElMjBzdHlsZSUzRCUyMmNvbG9yJTNBJTIwJTIzZmZmZmZmJTNCJTIyJTIwY2xhc3MlM0QlMjJ1aS1pY29uLWZhY2Vib29rJTIyJTIwdGFyZ2V0JTNEJTIyX2JsYW5rJTIyJTIwaHJlZiUzRCUyMiUyMyUyMiUyMHRpdGxlJTNEJTIyRmFjZWJvb2slMjIlM0VGYWNlYm9vayUzQyUyRmElM0UlM0MlMkZsaSUzRSUwQSUwOSUwOSUwOSUwOSUzQ2xpJTIwY2xhc3MlM0QlMjJ3aGF0c2FwcCUyMiUzRSUzQ2ElMjBzdHlsZSUzRCUyMmNvbG9yJTNBJTIwJTIzZmZmZmZmJTNCJTIyJTIwY2xhc3MlM0QlMjJ1aS1pY29uLXdoYXRzYXBwJTIyJTIwdGFyZ2V0JTNEJTIyX3NlbGYlMjIlMjBocmVmJTNEJTIyaHR0cHMlM0ElMkYlMkZhcGkud2hhdHNhcHAuY29tJTJGc2VuZCUzRnBob25lJTNENTkzOTg4NDM1NzgwJTIyJTIwdGl0bGUlM0QlMjJXaGF0c0FwcCUyMiUzRVdoYXRzYXBwJTNDJTJGYSUzRSUzQyUyRmxpJTNFJTBBJTA5JTA5JTA5JTNDJTJGdWwlM0UlMEElMDklMDklM0MlMkZkaXYlM0UlMEElMDklM0MlMkZkaXYlM0UlMEElM0MlMkZkaXYlM0UlMEElMDk=[\/vc_raw_html][\/vc_column][vc_column width=\u00bb1\/4&#8243; rt_bg_effect=\u00bbclassic\u00bb rt_bg_image_repeat=\u00bbrepeat\u00bb rt_bg_size=\u00bbauto auto\u00bb rt_bg_position=\u00bbright top\u00bb rt_bg_attachment=\u00bbscroll\u00bb][vc_column_text]<\/p>\n<div class=\"textwidget\">\n<h5><span style=\"color: #ffffff;\">EDUCACI\u00d3N FINANCIERA<\/span><\/h5>\n<h5><span style=\"color: #ffffff;\"><strong>DEFINICIONES<\/strong><\/span><\/h5>\n<p><span style=\"color: #ffffff;\">Para el adecuado entendimiento e interpretaci\u00f3n del contenido de esta P\u00e1gina Web, se adoptan las siguientes definiciones:<\/span><\/p>\n<ul>\n<li><span style=\"color: #ffffff;\"><a style=\"color: #ffffff;\" href=\"https:\/\/www.redpagos.ec\/redpago\/glosario-operativo\/\"><strong>GLOSARIO OPERATIVO<\/strong><\/a><\/span><\/li>\n<li><span style=\"color: #ffffff;\"><a style=\"color: #ffffff;\" href=\"https:\/\/www.redpagos.ec\/redpago\/glosario-tecnico\/\"><strong>GLOSARIO T\u00c9CNICO<\/strong><\/a><\/span><\/li>\n<\/ul>\n<\/div>\n<p>[\/vc_column_text][\/vc_column][\/vc_row]<\/p>\n","protected":false},"excerpt":{"rendered":"<p>[vc_row rt_row_background_width=\u00bbfullwidth\u00bb rt_row_content_width=\u00bbdefault\u00bb rt_row_style=\u00bbdefault-style\u00bb rt_row_height=\u00bb\u00bb rt_column_gaps=\u00bb\u00bb rt_row_shadows=\u00bb\u00bb rt_row_borders=\u00bb\u00bb rt_bg_effect=\u00bbclassic\u00bb rt_bg_image_repeat=\u00bbrepeat\u00bb rt_bg_size=\u00bbcover\u00bb rt_bg_position=\u00bbright top\u00bb rt_bg_attachment=\u00bbscroll\u00bb rt_bg_layer=\u00bb\u00bb rt_bg_video_format=\u00bbself-hosted\u00bb][vc_column rt_bg_effect=\u00bbclassic\u00bb rt_bg_image_repeat=\u00bbrepeat\u00bb rt_bg_size=\u00bbauto auto\u00bb rt_bg_position=\u00bbright top\u00bb rt_bg_attachment=\u00bbscroll\u00bb][\/vc_column][\/vc_row][vc_row rt_row_background_width=\u00bbfullwidth\u00bb rt_row_content_width=\u00bbdefault\u00bb rt_row_style=\u00bbdefault-style\u00bb rt_row_height=\u00bb\u00bb rt_column_gaps=\u00bb\u00bb rt_row_shadows=\u00bb\u00bb rt_row_borders=\u00bb\u00bb rt_bg_effect=\u00bbclassic\u00bb rt_bg_image_repeat=\u00bbrepeat\u00bb rt_bg_size=\u00bbcover\u00bb rt_bg_position=\u00bbright top\u00bb rt_bg_attachment=\u00bbscroll\u00bb rt_bg_layer=\u00bb\u00bb rt_bg_video_format=\u00bbself-hosted\u00bb rt_class=\u00bbrt-9819824&#8243; rt_paddings=\u00bb40,40,,\u00bb rt_margins=\u00bb,,,\u00bb rt_content_margins=\u00bb,,,\u00bb rt_tablet_paddings=\u00bb,,,\u00bb rt_tablet_margins=\u00bb,,,\u00bb rt_tablet_content_margins=\u00bb,,,\u00bb rt_sp_paddings=\u00bb,,,\u00bb rt_sp_margins=\u00bb,,,\u00bb rt_sp_content_margins=\u00bb,,,\u00bb][vc_column rt_bg_effect=\u00bbclassic\u00bb rt_bg_image_repeat=\u00bbrepeat\u00bb rt_bg_size=\u00bbauto auto\u00bb rt_bg_position=\u00bbright top\u00bb rt_bg_attachment=\u00bbscroll\u00bb [&hellip;]<\/p>\n","protected":false},"author":1,"featured_media":0,"parent":0,"menu_order":0,"comment_status":"closed","ping_status":"closed","template":"","meta":[],"_links":{"self":[{"href":"https:\/\/www.redpagos.ec\/redpago\/wp-json\/wp\/v2\/pages\/4168"}],"collection":[{"href":"https:\/\/www.redpagos.ec\/redpago\/wp-json\/wp\/v2\/pages"}],"about":[{"href":"https:\/\/www.redpagos.ec\/redpago\/wp-json\/wp\/v2\/types\/page"}],"author":[{"embeddable":true,"href":"https:\/\/www.redpagos.ec\/redpago\/wp-json\/wp\/v2\/users\/1"}],"replies":[{"embeddable":true,"href":"https:\/\/www.redpagos.ec\/redpago\/wp-json\/wp\/v2\/comments?post=4168"}],"version-history":[{"count":48,"href":"https:\/\/www.redpagos.ec\/redpago\/wp-json\/wp\/v2\/pages\/4168\/revisions"}],"predecessor-version":[{"id":4974,"href":"https:\/\/www.redpagos.ec\/redpago\/wp-json\/wp\/v2\/pages\/4168\/revisions\/4974"}],"wp:attachment":[{"href":"https:\/\/www.redpagos.ec\/redpago\/wp-json\/wp\/v2\/media?parent=4168"}],"curies":[{"name":"wp","href":"https:\/\/api.w.org\/{rel}","templated":true}]}}